{"id":38,"date":"2022-06-09T12:26:06","date_gmt":"2022-06-09T12:26:06","guid":{"rendered":"https:\/\/trainuup.com\/?page_id=38"},"modified":"2022-06-19T13:24:47","modified_gmt":"2022-06-19T13:24:47","slug":"salestraining","status":"publish","type":"page","link":"https:\/\/trainuup.com\/index.php\/salestraining\/","title":{"rendered":"Salestraining"},"content":{"rendered":"\n<h1 class=\"has-text-align-center wp-block-heading\">Verkaufstraining<\/h1>\n\n\n\n<h4 class=\"has-text-align-center has-nv-c-2-color has-text-color wp-block-heading\">MESSBARE ERFOLGE GARANTIERT<\/h4>\n\n\n\n<hr class=\"wp-block-separator alignwide has-text-color has-nv-c-2-color has-alpha-channel-opacity has-nv-c-2-background-color has-background\"\/>\n\n\n\n<div class=\"wp-block-media-text alignwide is-stacked-on-mobile\"><figure class=\"wp-block-media-text__media\"><img fetchpriority=\"high\" decoding=\"async\" width=\"1024\" height=\"683\" src=\"https:\/\/mlv30jfrag7f.i.optimole.com\/w:1024\/h:683\/q:mauto\/f:best\/https:\/\/trainuup.com\/wp-content\/uploads\/2022\/06\/Sales-Excellence-April-2022-124.png\" alt=\"\" class=\"wp-image-557 size-full\"\/><\/figure><div class=\"wp-block-media-text__content\">\n<h3 class=\"has-text-align-left wp-block-heading\"><br>Was ist ein Verkaufstraining?<\/h3>\n\n\n\n<h5 class=\"has-neve-text-color-color has-text-color has-medium-font-size wp-block-heading\" style=\"font-style:normal;font-weight:300\">| Unternehmenssituation ber\u00fccksichtigen<\/h5>\n\n\n\n<h5 class=\"has-text-align-left has-neve-text-color-color has-text-color has-medium-font-size wp-block-heading\" style=\"font-style:normal;font-weight:300\">| St\u00e4rken erkennen<\/h5>\n\n\n\n<h5 class=\"has-neve-text-color-color has-text-color has-medium-font-size wp-block-heading\" style=\"font-style:normal;font-weight:300\">| Innere Widerst\u00e4nde l\u00f6sen<\/h5>\n\n\n\n<h5 class=\"has-neve-text-color-color has-text-color has-medium-font-size wp-block-heading\" style=\"font-style:normal;font-weight:300\">| Potenziale heben<\/h5>\n\n\n\n<h5 class=\"has-neve-text-color-color has-text-color has-medium-font-size wp-block-heading\" style=\"font-style:normal;font-weight:300\">| Menschen f\u00fcr den Verkauf begeistern<\/h5>\n<\/div><\/div>\n\n\n\n<div style=\"height:50px\" aria-hidden=\"true\" class=\"wp-block-spacer\"><\/div>\n\n\n\n<div class=\"wp-block-columns alignwide is-layout-flex wp-container-core-columns-is-layout-9d6595d7 wp-block-columns-is-layout-flex\">\n<div class=\"wp-block-column is-layout-flow wp-block-column-is-layout-flow\">\n<h3 class=\"has-text-align-center wp-block-heading\">So l\u00e4uft ein Vertriebstraining<\/h3>\n\n\n\n<hr class=\"wp-block-separator has-text-color has-nv-c-2-color has-alpha-channel-opacity has-nv-c-2-background-color has-background\"\/>\n\n\n\n<p class=\"has-text-align-center\">Jede Branche ist unterschiedlich. Ihre Mitarbeiter sind unterschiedlich. Ob B2B oder B2C entscheidet ma\u00dfgeblich den Zugang ins Verkaufsgespr\u00e4ch. traiNUup verspricht Ihnen intensive Auseinandersetzung mit Ihrem Unternehmen und den vertrieblichen F\u00e4higkeiten Ihrer Mitarbeiter NOCH BEVOR ein Training durchgef\u00fchrt wird. Ihre Garantie f\u00fcr einen fokussierten Zugang zu den aktuell notwendigen Trainingsma\u00dfnahmen und KEIN Seminar nach dem Gie\u00dfkannenprinzip.<\/p>\n\n\n\n<p class=\"has-text-align-center\">Wir geben Ihren Mitarbeitern die Piloten-Checkliste f\u00fcr die professionelle Steuerung des Verkaufsgespr\u00e4ches in die Hand:<\/p>\n\n\n\n<p class=\"has-text-align-center\" style=\"font-size:14px\"><strong>V<\/strong>orbereitung, <strong>E<\/strong>motion, <strong>R<\/strong>echerche, <strong>K<\/strong>ommunikation, <strong>A<\/strong>bkl\u00e4rung, <strong>U<\/strong>msatz, <strong>F<\/strong>inale.<\/p>\n\n\n\n<p class=\"has-text-align-center\">Sie stellen sicher, dass Ihre Mitarbeiter nach dem Verkaufstraining Piloten und keine Passagiere im Verkaufsgespr\u00e4ch sind.<\/p>\n<\/div>\n\n\n\n<div class=\"wp-block-column is-layout-flow wp-block-column-is-layout-flow\">\n<h3 class=\"has-text-align-center wp-block-heading\">Deshalb Salestraining<\/h3>\n\n\n\n<hr class=\"wp-block-separator has-text-color has-nv-c-2-color has-alpha-channel-opacity has-nv-c-2-background-color has-background\"\/>\n\n\n\n<p class=\"has-text-align-center\">Christiano Ronaldo. Jos\u00e9 Carreras. Barack Obama.<\/p>\n\n\n\n<p class=\"has-text-align-center\">Drei Beispiele erfolgreicher Sportler, S\u00e4nger, Politiker. Drei Beispiele von Menschen an der Spitze ihrer Profession. Warum trifft Ronaldo bei seinen legend\u00e4ren Freist\u00f6\u00dfen? Warum trifft Carreras immer den richtigen Ton? Warum trifft Obama die Emotionen der Zuh\u00f6rer bei seinen Reden? Weil sie, obwohl sie bereits zur Spitze geh\u00f6ren, jeden Tag trainieren. <\/p>\n\n\n\n<p class=\"has-text-align-center\">Ein gutes Verkaufstraining erkennt die St\u00e4rken Ihrer Mitarbeiter und l\u00e4sst diese weiter st\u00e4rken. Ein gutes Verkaufstraining erkennt auch die m\u00f6glichen Potenziale und hebt diese wertsch\u00e4tzend und motivierend, damit die Mitarbeiter gerne etwas NEUES zu ihren bestehenden St\u00e4rken dazu nehmen.<\/p>\n<\/div>\n<\/div>\n\n\n\n<div class=\"wp-block-buttons is-layout-flex wp-block-buttons-is-layout-flex\"><\/div>\n\n\n\n<div class=\"wp-block-buttons is-layout-flex wp-block-buttons-is-layout-flex\">\n<div class=\"wp-block-button aligncenter\"><a class=\"wp-block-button__link has-nv-c-2-background-color has-background\" href=\"#anfrage_salestraining\">LET ME TRAIN YOU UP<\/a><\/div>\n<\/div>\n\n\n\n<div style=\"height:100px\" aria-hidden=\"true\" class=\"wp-block-spacer\"><\/div>\n\n\n\n<h3 class=\"has-text-align-center wp-block-heading\">Speziell f\u00fcr Ihre Customer Care Mitarbeiter<\/h3>\n\n\n\n<hr class=\"wp-block-separator has-text-color has-nv-c-2-color has-alpha-channel-opacity has-nv-c-2-background-color has-background\"\/>\n\n\n\n<div class=\"wp-block-columns alignwide is-layout-flex wp-container-core-columns-is-layout-9d6595d7 wp-block-columns-is-layout-flex\">\n<div class=\"wp-block-column is-layout-flow wp-block-column-is-layout-flow\">\n<h3 class=\"has-text-align-center has-nv-c-1-color has-text-color wp-block-heading\">Serviceorientierung<\/h3>\n\n\n\n<p class=\"has-text-align-center\">&#8222;Auch ich bin die Visitenkarte<br>meines Unternehmens!&#8220;<\/p>\n\n\n\n<p class=\"has-text-align-center\">Montageteams, Servicetechniker oder IT-Hotlines begegnen dem Kunden meistens nach dem Verkaufsabschluss. Ihr Verhalten dem Kunden und seinem Bed\u00fcrfnis gegen\u00fcber entscheidet ma\u00dfgeblich \u00fcber unerwartete Begeisterung oder entt\u00e4uschende Kaufreue.<\/p>\n<\/div>\n\n\n\n<div class=\"wp-block-column is-layout-flow wp-block-column-is-layout-flow\">\n<h3 class=\"has-text-align-center has-nv-c-1-color has-text-color wp-block-heading\">Telefontraining<\/h3>\n\n\n\n<p class=\"has-text-align-center\">&#8222;Auch ich bin die Visitenkarte<br>meines Unternehmens!&#8220;<\/p>\n\n\n\n<p class=\"has-text-align-center\">Professionelle Stimme schafft Vertrauen. Am Telefon pflegt man Kundenbeziehungen. Corporate Communication gilt auch am Telefon. Mehrfache interne Weiterleitung und vergebliches Warten auf versprochene R\u00fcckrufe schafft \u00c4rgernis. Damit das nicht passiert, erarbeiten wir Ihre internen Premium-Telefonregeln.<\/p>\n<\/div>\n\n\n\n<div class=\"wp-block-column is-layout-flow wp-block-column-is-layout-flow\">\n<h3 class=\"has-text-align-center has-nv-c-1-color has-text-color wp-block-heading\">Kundenorientierung<\/h3>\n\n\n\n<p class=\"has-text-align-center\">&#8222;Auch ich bin die Visitenkarte<br>meines Unternehmens!&#8220;<\/p>\n\n\n\n<p class=\"has-text-align-center\">Reklamation, Buchhaltung, Logistik sind nur einige interne Abteilungen, die gerne \u00fcbersehen werden bei der verk\u00e4uferischen Ausbildung. Dabei sind diese im After-Sales-Bereich besonders wichtig.<\/p>\n<\/div>\n<\/div>\n\n\n\n<div style=\"height:50px\" aria-hidden=\"true\" class=\"wp-block-spacer\"><\/div>\n\n\n\n<div class=\"wp-block-columns alignfull has-nv-light-bg-background-color has-background is-layout-flex wp-container-core-columns-is-layout-9d6595d7 wp-block-columns-is-layout-flex\">\n<div class=\"wp-block-column is-layout-flow wp-block-column-is-layout-flow\">\n<div style=\"height:50px\" aria-hidden=\"true\" class=\"wp-block-spacer\"><\/div>\n\n\n\n<h2 class=\"has-text-align-center wp-block-heading\" id=\"anfrage_salestraining\">Jetzt anfragen<\/h2>\n\n\n\n<h4 class=\"has-text-align-center has-nv-c-2-color has-text-color wp-block-heading\">LET ME TRAIN YOU UP<\/h4>\n\n\n\n<hr class=\"wp-block-separator alignwide has-text-color has-nv-c-2-color has-alpha-channel-opacity has-nv-c-2-background-color has-background\"\/>\n\n\n\n<p class=\"has-text-align-center\">Sie k\u00f6nnen f\u00fcr Ihre Anfrage gerne unser Kontaktformular nutzen.<br>Wir werden uns ehestm\u00f6glich mit Ihnen in Verbindung setzen!<\/p>\n\n\n\n<p class=\"has-text-align-center\">Alternativ k\u00f6nnen Sie uns auch unter unserer E-Mail-Adresse (<a href=\"mailto:mnuzzaci@trainuup.com\">mnuzzaci@trainuup.com<\/a>) oder Telefonnummer (<a href=\"tel: +436641014678\">+436641014678<\/a>) erreichen.<\/p>\n\n\n\n<div class=\"wp-block-columns alignwide are-vertically-aligned-center is-layout-flex wp-container-core-columns-is-layout-9d6595d7 wp-block-columns-is-layout-flex\">\n<div class=\"wp-block-column is-vertically-aligned-center is-layout-flow wp-block-column-is-layout-flow\" style=\"flex-basis:33.34%\"><\/div>\n\n\n\n<div class=\"wp-block-column is-layout-flow wp-block-column-is-layout-flow\" style=\"flex-basis:33.34%\">\n<div class=\"wpcf7 no-js\" id=\"wpcf7-f76-o1\" lang=\"de-AT\" dir=\"ltr\">\n<div class=\"screen-reader-response\"><p role=\"status\" aria-live=\"polite\" aria-atomic=\"true\"><\/p> <ul><\/ul><\/div>\n<form action=\"\/index.php\/wp-json\/wp\/v2\/pages\/38#wpcf7-f76-o1\" method=\"post\" class=\"wpcf7-form init\" aria-label=\"Contact form\" novalidate=\"novalidate\" data-status=\"init\">\n<div style=\"display: none;\">\n<input type=\"hidden\" name=\"_wpcf7\" value=\"76\" \/>\n<input type=\"hidden\" name=\"_wpcf7_version\" value=\"5.8.4\" \/>\n<input type=\"hidden\" name=\"_wpcf7_locale\" value=\"de_AT\" \/>\n<input type=\"hidden\" name=\"_wpcf7_unit_tag\" value=\"wpcf7-f76-o1\" \/>\n<input type=\"hidden\" name=\"_wpcf7_container_post\" value=\"0\" \/>\n<input type=\"hidden\" name=\"_wpcf7_posted_data_hash\" value=\"\" \/>\n<\/div>\n<p><label> Name<br \/>\n<span class=\"wpcf7-form-control-wrap\" data-name=\"your-name\"><input size=\"40\" class=\"wpcf7-form-control wpcf7-text wpcf7-validates-as-required\" aria-required=\"true\" aria-invalid=\"false\" value=\"\" type=\"text\" name=\"your-name\" \/><\/span> <\/label>\n<\/p>\n<p><label> Firma<br \/>\n<span class=\"wpcf7-form-control-wrap\" data-name=\"your-firm\"><input size=\"40\" class=\"wpcf7-form-control wpcf7-text wpcf7-validates-as-required\" aria-required=\"true\" aria-invalid=\"false\" value=\"\" type=\"text\" name=\"your-firm\" \/><\/span> <\/label>\n<\/p>\n<p><label> E-Mail-Adresse<br \/>\n<span class=\"wpcf7-form-control-wrap\" data-name=\"your-email\"><input size=\"40\" class=\"wpcf7-form-control wpcf7-email wpcf7-validates-as-required wpcf7-text wpcf7-validates-as-email\" aria-required=\"true\" aria-invalid=\"false\" value=\"\" type=\"email\" name=\"your-email\" \/><\/span> <\/label>\n<\/p>\n<p><label> Telefon<br \/>\n<span class=\"wpcf7-form-control-wrap\" data-name=\"tel-555\"><input size=\"40\" class=\"wpcf7-form-control wpcf7-tel wpcf7-validates-as-required wpcf7-text wpcf7-validates-as-tel\" aria-required=\"true\" aria-invalid=\"false\" value=\"\" type=\"tel\" name=\"tel-555\" \/><\/span> <\/label>\n<\/p>\n<p><label> Anfrage<br \/>\n<span class=\"wpcf7-form-control-wrap\" data-name=\"your-message\"><textarea cols=\"40\" rows=\"10\" class=\"wpcf7-form-control wpcf7-textarea wpcf7-validates-as-required\" aria-required=\"true\" aria-invalid=\"false\" name=\"your-message\"><\/textarea><\/span> <\/label>\n<\/p>\n<p><span class=\"wpcf7-form-control-wrap\" data-name=\"Datenschutz\"><span class=\"wpcf7-form-control wpcf7-acceptance\"><span class=\"wpcf7-list-item\"><label><input type=\"checkbox\" name=\"Datenschutz\" value=\"1\" aria-invalid=\"false\" \/><span class=\"wpcf7-list-item-label\">Ich stimme zu, dass meine Angaben aus dem Kontaktformular zur Beantwortung meiner Anfrage erhoben und verarbeitet werden. Die Daten werden nach abgeschlossener Bearbeitung Ihrer Anfrage gel\u00f6scht. Hinweis: Sie k\u00f6nnen Ihre Einwilligung jederzeit f\u00fcr die Zukunft per E-Mail an mnuzzaci@trainuup.com widerrufen. Detaillierte Informationen zum Umgang mit Nutzerdaten finden Sie in unserer Datenschutzerkl\u00e4rung.<\/span><\/label><\/span><\/span><\/span>\n<\/p>\n<p><input class=\"wpcf7-form-control wpcf7-submit has-spinner\" type=\"submit\" value=\"Abschicken\" \/>\n<\/p><div class=\"wpcf7-response-output\" aria-hidden=\"true\"><\/div>\n<\/form>\n<\/div>\n\n<\/div>\n\n\n\n<div class=\"wp-block-column is-layout-flow wp-block-column-is-layout-flow\" style=\"flex-basis:33.33%\"><\/div>\n<\/div>\n<\/div>\n<\/div>\n","protected":false},"excerpt":{"rendered":"<p>Verkaufstraining MESSBARE ERFOLGE GARANTIERT Was ist ein Verkaufstraining? | Unternehmenssituation ber\u00fccksichtigen | St\u00e4rken erkennen | Innere Widerst\u00e4nde l\u00f6sen | Potenziale heben | Menschen f\u00fcr den Verkauf begeistern So l\u00e4uft ein Vertriebstraining Jede Branche ist unterschiedlich. Ihre Mitarbeiter sind unterschiedlich. Ob B2B oder B2C entscheidet ma\u00dfgeblich den Zugang ins Verkaufsgespr\u00e4ch. traiNUup verspricht Ihnen intensive Auseinandersetzung mit&hellip;&nbsp;<a href=\"https:\/\/trainuup.com\/index.php\/salestraining\/\" class=\"\" rel=\"bookmark\">Weiterlesen &raquo;<span class=\"screen-reader-text\">Salestraining<\/span><\/a><\/p>\n","protected":false},"author":2,"featured_media":0,"parent":0,"menu_order":0,"comment_status":"closed","ping_status":"closed","template":"","meta":{"neve_meta_sidebar":"","neve_meta_container":"","neve_meta_enable_content_width":"","neve_meta_content_width":0,"neve_meta_title_alignment":"","neve_meta_author_avatar":"","neve_post_elements_order":"","neve_meta_disable_header":"","neve_meta_disable_footer":"","neve_meta_disable_title":"","footnotes":""},"class_list":["post-38","page","type-page","status-publish","hentry"],"yoast_head":"<!-- This site is optimized with the Yoast SEO plugin v21.7 - https:\/\/yoast.com\/wordpress\/plugins\/seo\/ -->\n<title>Verkaufstraining - Vertriebstraining - Salestraining | traiNUup<\/title>\n<meta name=\"description\" content=\"Verkaufstraining mit sofort messbaren Erfolgen. Individuell auf Ihr Unternehmen ma\u00dfgeschneidert. Jetzt Training unkompliziert buchen!\" \/>\n<meta name=\"robots\" content=\"index, follow, max-snippet:-1, max-image-preview:large, max-video-preview:-1\" \/>\n<link rel=\"canonical\" href=\"https:\/\/trainuup.com\/index.php\/salestraining\/\" \/>\n<meta property=\"og:locale\" content=\"de_DE\" \/>\n<meta property=\"og:type\" content=\"article\" \/>\n<meta property=\"og:title\" content=\"Verkaufstraining - Vertriebstraining - Salestraining | traiNUup\" \/>\n<meta property=\"og:description\" content=\"Verkaufstraining mit sofort messbaren Erfolgen. Individuell auf Ihr Unternehmen ma\u00dfgeschneidert. Jetzt Training unkompliziert buchen!\" \/>\n<meta property=\"og:url\" content=\"https:\/\/trainuup.com\/index.php\/salestraining\/\" \/>\n<meta property=\"og:site_name\" content=\"traiNUup\" \/>\n<meta property=\"article:modified_time\" content=\"2022-06-19T13:24:47+00:00\" \/>\n<meta property=\"og:image\" content=\"https:\/\/mlv30jfrag7f.i.optimole.com\/w:1024\/h:683\/q:mauto\/f:best\/https:\/\/trainuup.com\/wp-content\/uploads\/2022\/06\/Sales-Excellence-April-2022-124.png\" \/>\n<meta name=\"twitter:card\" content=\"summary_large_image\" \/>\n<meta name=\"twitter:label1\" content=\"Gesch\u00e4tzte Lesezeit\" \/>\n\t<meta name=\"twitter:data1\" content=\"3 Minuten\" \/>\n<script type=\"application\/ld+json\" class=\"yoast-schema-graph\">{\"@context\":\"https:\/\/schema.org\",\"@graph\":[{\"@type\":\"WebPage\",\"@id\":\"https:\/\/trainuup.com\/index.php\/salestraining\/\",\"url\":\"https:\/\/trainuup.com\/index.php\/salestraining\/\",\"name\":\"Verkaufstraining - Vertriebstraining - Salestraining | traiNUup\",\"isPartOf\":{\"@id\":\"https:\/\/trainuup.com\/#website\"},\"datePublished\":\"2022-06-09T12:26:06+00:00\",\"dateModified\":\"2022-06-19T13:24:47+00:00\",\"description\":\"Verkaufstraining mit sofort messbaren Erfolgen. Individuell auf Ihr Unternehmen ma\u00dfgeschneidert. Jetzt Training unkompliziert buchen!\",\"breadcrumb\":{\"@id\":\"https:\/\/trainuup.com\/index.php\/salestraining\/#breadcrumb\"},\"inLanguage\":\"de-AT\",\"potentialAction\":[{\"@type\":\"ReadAction\",\"target\":[\"https:\/\/trainuup.com\/index.php\/salestraining\/\"]}]},{\"@type\":\"BreadcrumbList\",\"@id\":\"https:\/\/trainuup.com\/index.php\/salestraining\/#breadcrumb\",\"itemListElement\":[{\"@type\":\"ListItem\",\"position\":1,\"name\":\"Startseite\",\"item\":\"https:\/\/trainuup.com\/\"},{\"@type\":\"ListItem\",\"position\":2,\"name\":\"Salestraining\"}]},{\"@type\":\"WebSite\",\"@id\":\"https:\/\/trainuup.com\/#website\",\"url\":\"https:\/\/trainuup.com\/\",\"name\":\"traiNUup\",\"description\":\"Coaching | Training | Potenziale heben\",\"publisher\":{\"@id\":\"https:\/\/trainuup.com\/#organization\"},\"potentialAction\":[{\"@type\":\"SearchAction\",\"target\":{\"@type\":\"EntryPoint\",\"urlTemplate\":\"https:\/\/trainuup.com\/?s={search_term_string}\"},\"query-input\":\"required name=search_term_string\"}],\"inLanguage\":\"de-AT\"},{\"@type\":\"Organization\",\"@id\":\"https:\/\/trainuup.com\/#organization\",\"name\":\"traiNUup\",\"url\":\"https:\/\/trainuup.com\/\",\"logo\":{\"@type\":\"ImageObject\",\"inLanguage\":\"de-AT\",\"@id\":\"https:\/\/trainuup.com\/#\/schema\/logo\/image\/\",\"url\":\"https:\/\/mlv30jfrag7f.i.optimole.com\/w:auto\/h:auto\/q:mauto\/f:best\/https:\/\/trainuup.com\/wp-content\/uploads\/2022\/06\/Logo_FINAL-EDEL_QUADRAT-1.png\",\"contentUrl\":\"https:\/\/mlv30jfrag7f.i.optimole.com\/w:auto\/h:auto\/q:mauto\/f:best\/https:\/\/trainuup.com\/wp-content\/uploads\/2022\/06\/Logo_FINAL-EDEL_QUADRAT-1.png\",\"width\":1308,\"height\":1307,\"caption\":\"traiNUup\"},\"image\":{\"@id\":\"https:\/\/trainuup.com\/#\/schema\/logo\/image\/\"}}]}<\/script>\n<!-- \/ Yoast SEO plugin. -->","yoast_head_json":{"title":"Verkaufstraining - Vertriebstraining - Salestraining | traiNUup","description":"Verkaufstraining mit sofort messbaren Erfolgen. Individuell auf Ihr Unternehmen ma\u00dfgeschneidert. Jetzt Training unkompliziert buchen!","robots":{"index":"index","follow":"follow","max-snippet":"max-snippet:-1","max-image-preview":"max-image-preview:large","max-video-preview":"max-video-preview:-1"},"canonical":"https:\/\/trainuup.com\/index.php\/salestraining\/","og_locale":"de_DE","og_type":"article","og_title":"Verkaufstraining - Vertriebstraining - Salestraining | traiNUup","og_description":"Verkaufstraining mit sofort messbaren Erfolgen. Individuell auf Ihr Unternehmen ma\u00dfgeschneidert. Jetzt Training unkompliziert buchen!","og_url":"https:\/\/trainuup.com\/index.php\/salestraining\/","og_site_name":"traiNUup","article_modified_time":"2022-06-19T13:24:47+00:00","og_image":[{"url":"https:\/\/mlv30jfrag7f.i.optimole.com\/w:1024\/h:683\/q:mauto\/f:best\/https:\/\/trainuup.com\/wp-content\/uploads\/2022\/06\/Sales-Excellence-April-2022-124.png"}],"twitter_card":"summary_large_image","twitter_misc":{"Gesch\u00e4tzte Lesezeit":"3 Minuten"},"schema":{"@context":"https:\/\/schema.org","@graph":[{"@type":"WebPage","@id":"https:\/\/trainuup.com\/index.php\/salestraining\/","url":"https:\/\/trainuup.com\/index.php\/salestraining\/","name":"Verkaufstraining - Vertriebstraining - Salestraining | traiNUup","isPartOf":{"@id":"https:\/\/trainuup.com\/#website"},"datePublished":"2022-06-09T12:26:06+00:00","dateModified":"2022-06-19T13:24:47+00:00","description":"Verkaufstraining mit sofort messbaren Erfolgen. Individuell auf Ihr Unternehmen ma\u00dfgeschneidert. Jetzt Training unkompliziert buchen!","breadcrumb":{"@id":"https:\/\/trainuup.com\/index.php\/salestraining\/#breadcrumb"},"inLanguage":"de-AT","potentialAction":[{"@type":"ReadAction","target":["https:\/\/trainuup.com\/index.php\/salestraining\/"]}]},{"@type":"BreadcrumbList","@id":"https:\/\/trainuup.com\/index.php\/salestraining\/#breadcrumb","itemListElement":[{"@type":"ListItem","position":1,"name":"Startseite","item":"https:\/\/trainuup.com\/"},{"@type":"ListItem","position":2,"name":"Salestraining"}]},{"@type":"WebSite","@id":"https:\/\/trainuup.com\/#website","url":"https:\/\/trainuup.com\/","name":"traiNUup","description":"Coaching | Training | Potenziale heben","publisher":{"@id":"https:\/\/trainuup.com\/#organization"},"potentialAction":[{"@type":"SearchAction","target":{"@type":"EntryPoint","urlTemplate":"https:\/\/trainuup.com\/?s={search_term_string}"},"query-input":"required name=search_term_string"}],"inLanguage":"de-AT"},{"@type":"Organization","@id":"https:\/\/trainuup.com\/#organization","name":"traiNUup","url":"https:\/\/trainuup.com\/","logo":{"@type":"ImageObject","inLanguage":"de-AT","@id":"https:\/\/trainuup.com\/#\/schema\/logo\/image\/","url":"https:\/\/mlv30jfrag7f.i.optimole.com\/w:auto\/h:auto\/q:mauto\/f:best\/https:\/\/trainuup.com\/wp-content\/uploads\/2022\/06\/Logo_FINAL-EDEL_QUADRAT-1.png","contentUrl":"https:\/\/mlv30jfrag7f.i.optimole.com\/w:auto\/h:auto\/q:mauto\/f:best\/https:\/\/trainuup.com\/wp-content\/uploads\/2022\/06\/Logo_FINAL-EDEL_QUADRAT-1.png","width":1308,"height":1307,"caption":"traiNUup"},"image":{"@id":"https:\/\/trainuup.com\/#\/schema\/logo\/image\/"}}]}},"_links":{"self":[{"href":"https:\/\/trainuup.com\/index.php\/wp-json\/wp\/v2\/pages\/38","targetHints":{"allow":["GET"]}}],"collection":[{"href":"https:\/\/trainuup.com\/index.php\/wp-json\/wp\/v2\/pages"}],"about":[{"href":"https:\/\/trainuup.com\/index.php\/wp-json\/wp\/v2\/types\/page"}],"author":[{"embeddable":true,"href":"https:\/\/trainuup.com\/index.php\/wp-json\/wp\/v2\/users\/2"}],"replies":[{"embeddable":true,"href":"https:\/\/trainuup.com\/index.php\/wp-json\/wp\/v2\/comments?post=38"}],"version-history":[{"count":37,"href":"https:\/\/trainuup.com\/index.php\/wp-json\/wp\/v2\/pages\/38\/revisions"}],"predecessor-version":[{"id":754,"href":"https:\/\/trainuup.com\/index.php\/wp-json\/wp\/v2\/pages\/38\/revisions\/754"}],"wp:attachment":[{"href":"https:\/\/trainuup.com\/index.php\/wp-json\/wp\/v2\/media?parent=38"}],"curies":[{"name":"wp","href":"https:\/\/api.w.org\/{rel}","templated":true}]}}