{"id":40,"date":"2022-06-09T12:26:34","date_gmt":"2022-06-09T12:26:34","guid":{"rendered":"https:\/\/trainuup.com\/?page_id=40"},"modified":"2022-06-19T13:25:21","modified_gmt":"2022-06-19T13:25:21","slug":"leadershiptraining","status":"publish","type":"page","link":"https:\/\/trainuup.com\/index.php\/leadershiptraining\/","title":{"rendered":"Leadershiptraining"},"content":{"rendered":"\n<h1 class=\"has-text-align-center wp-block-heading\">F\u00fchrungstraining<\/h1>\n\n\n\n<h4 class=\"has-text-align-center has-nv-c-2-color has-text-color wp-block-heading\">UNTERNEHMENSERFOLG DURCH WERTSCH\u00c4TZUNG UND KLARHEIT<\/h4>\n\n\n\n<hr class=\"wp-block-separator alignwide has-text-color has-nv-c-2-color has-alpha-channel-opacity has-nv-c-2-background-color has-background\"\/>\n\n\n\n<div class=\"wp-block-media-text alignwide is-stacked-on-mobile\"><figure class=\"wp-block-media-text__media\"><img fetchpriority=\"high\" decoding=\"async\" width=\"1024\" height=\"683\" src=\"https:\/\/mlv30jfrag7f.i.optimole.com\/w:1024\/h:683\/q:mauto\/f:best\/https:\/\/trainuup.com\/wp-content\/uploads\/2022\/06\/Sales-Excellence-April-2022-118-1.png\" alt=\"\" class=\"wp-image-560 size-full\"\/><\/figure><div class=\"wp-block-media-text__content\">\n<h3 class=\"has-text-align-left wp-block-heading\"><br>Was ist ein F\u00fchrungstraining?<\/h3>\n\n\n\n<h5 class=\"has-text-align-left has-neve-text-color-color has-text-color has-medium-font-size wp-block-heading\" style=\"font-style:normal;font-weight:300\">| Unternehmenszweck mitgestalten und erf\u00fcllen<\/h5>\n\n\n\n<h5 class=\"has-text-align-left has-neve-text-color-color has-text-color has-medium-font-size wp-block-heading\" style=\"font-style:normal;font-weight:300\">| Sinn vermitteln und Menschen f\u00f6rdern <\/h5>\n\n\n\n<h5 class=\"has-text-align-left has-neve-text-color-color has-text-color has-medium-font-size wp-block-heading\" style=\"font-style:normal;font-weight:300\">| Systeme und Prozesse schaffen<\/h5>\n\n\n\n<h5 class=\"has-text-align-left has-neve-text-color-color has-text-color has-medium-font-size wp-block-heading\" style=\"font-style:normal;font-weight:300\">| Richtig delegieren und konsequent einfordern<\/h5>\n\n\n\n<h5 class=\"has-text-align-left has-neve-text-color-color has-text-color has-medium-font-size wp-block-heading\" style=\"font-style:normal;font-weight:300\">| Dabei gilt: Wertsch\u00e4tzung hilft IMMER!<\/h5>\n<\/div><\/div>\n\n\n\n<div style=\"height:50px\" aria-hidden=\"true\" class=\"wp-block-spacer\"><\/div>\n\n\n\n<div class=\"wp-block-columns alignwide is-layout-flex wp-container-core-columns-is-layout-9d6595d7 wp-block-columns-is-layout-flex\">\n<div class=\"wp-block-column is-layout-flow wp-block-column-is-layout-flow\">\n<h3 class=\"has-text-align-center wp-block-heading\">So l\u00e4uft ein Leadershiptraining<\/h3>\n\n\n\n<hr class=\"wp-block-separator has-text-color has-nv-c-2-color has-alpha-channel-opacity has-nv-c-2-background-color has-background\"\/>\n\n\n\n<p class=\"has-text-align-center\"><strong>Wie f\u00fchre ich? F\u00fchre ich zeitgem\u00e4\u00df? Gibt es den <\/strong>besten <strong>F\u00fchrungsstil? F\u00fchre ich \u00fcberhaupt?<\/strong> <\/p>\n\n\n\n<p class=\"has-text-align-center\">Der situative F\u00fchrungsstil &#8211; ein Schlagwort, das schon viele Jahrzehnte die Leadership-Trainings beherrscht. Ohne eine glasklare Standortbestimmung des eigenen Stils k\u00f6nnen Sie nicht situativ f\u00fchren. Speziell eine junge F\u00fchrungsperson wei\u00df nicht immer, welcher F\u00fchrungsstil in die Wiege gelegt wurde und bei welchen sie den ber\u00fchmten blinden Fleck hat.<br>Wir arbeiten in Ihrem Unternehmen mit, um mit Ihren F\u00fchrungskr\u00e4ften deren pers\u00f6nlichen F\u00fchrungsstil zu erheben. Wir erarbeiten gemeinsam mit Ihren F\u00fchrungskr\u00e4ften, was an deren Zugang F\u00d6RDERLICH ist und wo sie sich mit diesem Zugang SELBST IM WEG STEHEN. Dabei helfen wir Ihnen wertsch\u00e4tzend, Neues dazu zu nehmen, um das Vorhandene zu erweitern.<\/p>\n\n\n\n<p class=\"has-text-align-center\"> <strong>Wie machen wir das?<\/strong><\/p>\n\n\n\n<p class=\"has-text-align-center\">Leadership-Tests \/ Pers\u00f6nlichkeits- &amp; Potenzial-Analyse mittels <em>Profiling Values<\/em> \/ Leadership-\u00dcbungen mit Experimental Learning \/ Feedbacks durch die Gruppe \/ Feedback durch den Coach \/ Wenn gew\u00fcnscht, auch laufendes Personal Coaching <\/p>\n\n\n\n<p class=\"has-text-align-center\"><strong>Leadership mit Wertsch\u00e4tzung und Klarheit bedeutet<\/strong>:<\/p>\n\n\n\n<p class=\"has-text-align-center\">| Das Selbstwertgef\u00fchl erhalten oder st\u00e4rken<\/p>\n\n\n\n<p class=\"has-text-align-center\">| Aufmerksam zuh\u00f6ren und verst\u00e4ndnisvoll antworten<\/p>\n\n\n\n<p class=\"has-text-align-center\">| Mitarbeiter*innen in die Probleml\u00f6sung einbeziehen<\/p>\n<\/div>\n\n\n\n<div class=\"wp-block-column is-layout-flow wp-block-column-is-layout-flow\">\n<h3 class=\"has-text-align-center wp-block-heading\">Deshalb F\u00fchrungsausbildung<\/h3>\n\n\n\n<hr class=\"wp-block-separator has-text-color has-nv-c-2-color has-alpha-channel-opacity has-nv-c-2-background-color has-background\"\/>\n\n\n\n<p class=\"has-text-align-center\"><strong>&nbsp;&nbsp;&nbsp;&nbsp; Ein gutes Organisationsklima steigert wichtige Gesch\u00e4ftsergebnisse bis zu 30 %<\/strong><\/p>\n\n\n\n<p class=\"has-text-align-center\">In <strong>51 %<\/strong> der D.A.CH -Unternehmen gibt es ein neutrales oder demotivierendes Klima. Das hei\u00dft: nur jede zweite F\u00fchrungskraft schafft es, ein Betriebsklima zu gestalten, das Mitarbeiter*innen motiviert und zu Bestleistungen antreibt. Das bedeutet, dass Organisationsklima, Ergebnisse und F\u00fchrungsstile korrelieren.<\/p>\n\n\n\n<p class=\"has-text-align-center\">F\u00fchrungskr\u00e4fte, die keine klare, authentische Auspr\u00e4gung definierter F\u00fchrungsstile, wie z.B.:<br><strong>direktiv, vision\u00e4r, zusammenhaltf\u00f6rdernd, partizipativ,&nbsp;<\/strong><br><strong>consultativ und coachend<\/strong><br>aufweisen k\u00f6nnen, erzeugen ein demotivierendes Klima. <\/p>\n\n\n\n<p class=\"has-text-align-center\">Und auch jene, die nur \u00fcber einen F\u00fchrungsstil verf\u00fcgen, sind auf lange Sicht auf verlorenem Posten.<\/p>\n\n\n\n<p class=\"has-text-align-center\"><strong>F\u00dcHREN : KONSEQUENT SEIN<\/strong><\/p>\n\n\n\n<p class=\"has-text-align-center\">Wie das geht, lernen Ihre F\u00fchrungskr\u00e4fte beim <br><strong>traiNUup Leadership-Programm  Lead me Up<\/strong><\/p>\n<\/div>\n<\/div>\n\n\n\n<div class=\"wp-block-buttons is-layout-flex wp-block-buttons-is-layout-flex\">\n<div class=\"wp-block-button aligncenter\"><a class=\"wp-block-button__link has-nv-c-2-background-color has-background\" href=\"#anfrage_leadershiptraining\">LET ME TRAIN YOU UP<\/a><\/div>\n<\/div>\n\n\n\n<div style=\"height:100px\" aria-hidden=\"true\" class=\"wp-block-spacer\"><\/div>\n\n\n\n<h3 class=\"has-text-align-center wp-block-heading\">Spezialthemen f\u00fcr Kleingruppen und Einzelcoaching<\/h3>\n\n\n\n<hr class=\"wp-block-separator has-text-color has-nv-c-2-color has-alpha-channel-opacity has-nv-c-2-background-color has-background\"\/>\n\n\n\n<div class=\"wp-block-columns alignwide is-layout-flex wp-container-core-columns-is-layout-9d6595d7 wp-block-columns-is-layout-flex\">\n<div class=\"wp-block-column is-layout-flow wp-block-column-is-layout-flow\">\n<h3 class=\"has-text-align-center has-nv-c-1-color has-text-color wp-block-heading\">Potenzialanalysen<\/h3>\n\n\n\n<p class=\"has-text-align-center\">&#8222;Welche sind meine Skills und<br>wo liegt der aktuelle Fokus?&#8220;<\/p>\n\n\n\n<p class=\"has-text-align-center\">Wir arbeiten seit Jahren mit PROFILINGVALUES um Potenziale zu erheben.<\/p>\n\n\n\n<p class=\"has-text-align-center\"><strong>Ziele bei Personalentscheidung und -Entwicklung:<\/strong><br>| Fehlinvestitionen vermeiden<br>| Potenziale aussch\u00f6pfen<\/p>\n\n\n\n<p class=\"has-text-align-center\"><strong>Herk\u00f6mmliche Tests:<\/strong><br>| Messen Verhalten &amp; Einstellungen<br>| Vermeiden sozial erw\u00fcnschte Antworten durch Gegenpr\u00fcfungen<br>| Dauern zwischen 1 &#8211; 3 Stunden<\/p>\n\n\n\n<p class=\"has-text-align-center\"><strong>Ergebnis:<\/strong><br>| Individuelle F\u00e4higkeiten (\u201edas K\u00f6nnen\u201c)<\/p>\n\n\n\n<p class=\"has-text-align-center\"><strong>Was PROFILINGVALUES aufzeigt, sehen Sie im pers\u00f6nlichen Gespr\u00e4ch mit uns!<\/strong><\/p>\n\n\n\n<p class=\"has-text-align-center\"><a href=\"http:\/\/www.profilingvalues.com\" target=\"_blank\" rel=\"noreferrer noopener\">www.profilingvalues.com<\/a><\/p>\n<\/div>\n\n\n\n<div class=\"wp-block-column is-layout-flow wp-block-column-is-layout-flow\">\n<h3 class=\"has-text-align-center has-nv-c-1-color has-text-color wp-block-heading\">Mitarbeitergespr\u00e4che<\/h3>\n\n\n\n<p class=\"has-text-align-center\">&#8222;F\u00fcr den Mitarbeiter das <br>wichtigste Gespr\u00e4ch des Jahres.&#8220;<\/p>\n\n\n\n<p class=\"has-text-align-center\">Klar strukturierte Entwicklungsgespr\u00e4che bringen sowohl dem Mitarbeiter, der F\u00fchrungskraft und nat\u00fcrlich Ihrem Unternehmen umfassende Vorteile. Pers\u00f6nliche Standortbestimmung &#8211; Motivation durch Feedback &#8211; Klarheit bez\u00fcglich Verbesserungspotential f\u00fcr die Mitarbeiter; Anhaltspunkte, Denkanst\u00f6\u00dfe und auch Feedback f\u00fcr die F\u00fchrung; Einheitliche F\u00fchrungs- und Unternehmenskultur ist der Vorteil f\u00fcr das Unternehmen. <\/p>\n\n\n\n<p class=\"has-text-align-center\"><strong>Wieviel Wert geben Ihre F\u00fchrungskr\u00e4fte diesem Instrument?<\/strong><\/p>\n<\/div>\n\n\n\n<div class=\"wp-block-column is-layout-flow wp-block-column-is-layout-flow\">\n<h3 class=\"has-text-align-center has-nv-c-1-color has-text-color wp-block-heading\">Zeitmanagement<\/h3>\n\n\n\n<p class=\"has-text-align-center\">&#8222;Eins, zwei, drei! Im Sauseschritt &#8211; l\u00e4uft<br>die Zeit; wir laufen mit.&#8220;<\/p>\n\n\n\n<p class=\"has-text-align-center\">Zeitmanagement ist nicht nur Arbeitsmethodik und -technik, sondern VIELMEHR Einstellung und innere Haltung. <\/p>\n\n\n\n<p class=\"has-text-align-center\">Ein entschlossener Mensch mit einem Schraubenschl\u00fcssel bringt mehr weiter als<br>ein unentschlossener Mensch mit einem Werkzeugkoffer. Den Werkzeugkoffer bekommen Sie nat\u00fcrlich im <br><strong>traiNUup-TIMERULER-Training<\/strong>.<\/p>\n\n\n\n<p class=\"has-text-align-center\">Allerdings bekommen Sie in diesem Training auch Zeit, um \u00fcber pers\u00f6nliche Lebensziele, Aufgeschobenes, Umgang mit externem Druck und Fremdsteuerung von au\u00dfen und von oben nachzudenken!<\/p>\n\n\n\n<p class=\"has-text-align-center\"><strong>Sind Sie bereit nachzudenken und entschlossen zu handeln?<\/strong><\/p>\n<\/div>\n<\/div>\n\n\n\n<div style=\"height:50px\" aria-hidden=\"true\" class=\"wp-block-spacer\"><\/div>\n\n\n\n<div class=\"wp-block-columns alignfull has-nv-light-bg-background-color has-background is-layout-flex wp-container-core-columns-is-layout-9d6595d7 wp-block-columns-is-layout-flex\">\n<div class=\"wp-block-column is-layout-flow wp-block-column-is-layout-flow\">\n<div style=\"height:50px\" aria-hidden=\"true\" class=\"wp-block-spacer\"><\/div>\n\n\n\n<h2 class=\"has-text-align-center wp-block-heading\" id=\"anfrage_leadershiptraining\">Jetzt anfragen<\/h2>\n\n\n\n<h4 class=\"has-text-align-center has-nv-c-2-color has-text-color wp-block-heading\">LET ME TRAIN YOU UP<\/h4>\n\n\n\n<hr class=\"wp-block-separator alignwide has-text-color has-nv-c-2-color has-alpha-channel-opacity has-nv-c-2-background-color has-background\"\/>\n\n\n\n<p class=\"has-text-align-center\">Sie k\u00f6nnen f\u00fcr Ihre Anfrage gerne unser Kontaktformular nutzen.<br>Wir werden uns ehestm\u00f6glich mit Ihnen in Verbindung setzen!<\/p>\n\n\n\n<p class=\"has-text-align-center\">Alternativ k\u00f6nnen Sie uns auch unter unserer E-Mail-Adresse (<a href=\"mailto:mnuzzaci@trainuup.com\">mnuzzaci@trainuup.com<\/a>) oder Telefonnummer (<a href=\"tel: +436641014678\">+436641014678<\/a>) erreichen.<\/p>\n\n\n\n<div class=\"wp-block-columns alignwide are-vertically-aligned-center is-layout-flex wp-container-core-columns-is-layout-9d6595d7 wp-block-columns-is-layout-flex\">\n<div class=\"wp-block-column is-vertically-aligned-center is-layout-flow wp-block-column-is-layout-flow\" style=\"flex-basis:33.34%\"><\/div>\n\n\n\n<div class=\"wp-block-column is-layout-flow wp-block-column-is-layout-flow\" style=\"flex-basis:33.34%\">\n<div class=\"wpcf7 no-js\" id=\"wpcf7-f76-o1\" lang=\"de-AT\" dir=\"ltr\">\n<div class=\"screen-reader-response\"><p role=\"status\" aria-live=\"polite\" aria-atomic=\"true\"><\/p> <ul><\/ul><\/div>\n<form action=\"\/index.php\/wp-json\/wp\/v2\/pages\/40#wpcf7-f76-o1\" method=\"post\" class=\"wpcf7-form init\" aria-label=\"Contact form\" novalidate=\"novalidate\" data-status=\"init\">\n<div style=\"display: none;\">\n<input type=\"hidden\" name=\"_wpcf7\" value=\"76\" \/>\n<input type=\"hidden\" name=\"_wpcf7_version\" value=\"5.8.4\" \/>\n<input type=\"hidden\" name=\"_wpcf7_locale\" value=\"de_AT\" \/>\n<input type=\"hidden\" name=\"_wpcf7_unit_tag\" value=\"wpcf7-f76-o1\" \/>\n<input type=\"hidden\" name=\"_wpcf7_container_post\" value=\"0\" \/>\n<input type=\"hidden\" name=\"_wpcf7_posted_data_hash\" value=\"\" \/>\n<\/div>\n<p><label> Name<br \/>\n<span class=\"wpcf7-form-control-wrap\" data-name=\"your-name\"><input size=\"40\" class=\"wpcf7-form-control wpcf7-text wpcf7-validates-as-required\" aria-required=\"true\" aria-invalid=\"false\" value=\"\" type=\"text\" name=\"your-name\" \/><\/span> <\/label>\n<\/p>\n<p><label> Firma<br \/>\n<span class=\"wpcf7-form-control-wrap\" data-name=\"your-firm\"><input size=\"40\" class=\"wpcf7-form-control wpcf7-text wpcf7-validates-as-required\" aria-required=\"true\" aria-invalid=\"false\" value=\"\" type=\"text\" name=\"your-firm\" \/><\/span> <\/label>\n<\/p>\n<p><label> E-Mail-Adresse<br \/>\n<span class=\"wpcf7-form-control-wrap\" data-name=\"your-email\"><input size=\"40\" class=\"wpcf7-form-control wpcf7-email wpcf7-validates-as-required wpcf7-text wpcf7-validates-as-email\" aria-required=\"true\" aria-invalid=\"false\" value=\"\" type=\"email\" name=\"your-email\" \/><\/span> <\/label>\n<\/p>\n<p><label> Telefon<br \/>\n<span class=\"wpcf7-form-control-wrap\" data-name=\"tel-555\"><input size=\"40\" class=\"wpcf7-form-control wpcf7-tel wpcf7-validates-as-required wpcf7-text wpcf7-validates-as-tel\" aria-required=\"true\" aria-invalid=\"false\" value=\"\" type=\"tel\" name=\"tel-555\" \/><\/span> <\/label>\n<\/p>\n<p><label> Anfrage<br \/>\n<span class=\"wpcf7-form-control-wrap\" data-name=\"your-message\"><textarea cols=\"40\" rows=\"10\" class=\"wpcf7-form-control wpcf7-textarea wpcf7-validates-as-required\" aria-required=\"true\" aria-invalid=\"false\" name=\"your-message\"><\/textarea><\/span> <\/label>\n<\/p>\n<p><span class=\"wpcf7-form-control-wrap\" data-name=\"Datenschutz\"><span class=\"wpcf7-form-control wpcf7-acceptance\"><span class=\"wpcf7-list-item\"><label><input type=\"checkbox\" name=\"Datenschutz\" value=\"1\" aria-invalid=\"false\" \/><span class=\"wpcf7-list-item-label\">Ich stimme zu, dass meine Angaben aus dem Kontaktformular zur Beantwortung meiner Anfrage erhoben und verarbeitet werden. Die Daten werden nach abgeschlossener Bearbeitung Ihrer Anfrage gel\u00f6scht. Hinweis: Sie k\u00f6nnen Ihre Einwilligung jederzeit f\u00fcr die Zukunft per E-Mail an mnuzzaci@trainuup.com widerrufen. Detaillierte Informationen zum Umgang mit Nutzerdaten finden Sie in unserer Datenschutzerkl\u00e4rung.<\/span><\/label><\/span><\/span><\/span>\n<\/p>\n<p><input class=\"wpcf7-form-control wpcf7-submit has-spinner\" type=\"submit\" value=\"Abschicken\" \/>\n<\/p><div class=\"wpcf7-response-output\" aria-hidden=\"true\"><\/div>\n<\/form>\n<\/div>\n\n<\/div>\n\n\n\n<div class=\"wp-block-column is-layout-flow wp-block-column-is-layout-flow\" style=\"flex-basis:33.33%\"><\/div>\n<\/div>\n<\/div>\n<\/div>\n","protected":false},"excerpt":{"rendered":"<p>F\u00fchrungstraining UNTERNEHMENSERFOLG DURCH WERTSCH\u00c4TZUNG UND KLARHEIT Was ist ein F\u00fchrungstraining? | Unternehmenszweck mitgestalten und erf\u00fcllen | Sinn vermitteln und Menschen f\u00f6rdern | Systeme und Prozesse schaffen | Richtig delegieren und konsequent einfordern | Dabei gilt: Wertsch\u00e4tzung hilft IMMER! So l\u00e4uft ein Leadershiptraining Wie f\u00fchre ich? F\u00fchre ich zeitgem\u00e4\u00df? Gibt es den besten F\u00fchrungsstil? F\u00fchre ich&hellip;&nbsp;<a href=\"https:\/\/trainuup.com\/index.php\/leadershiptraining\/\" class=\"\" rel=\"bookmark\">Weiterlesen &raquo;<span class=\"screen-reader-text\">Leadershiptraining<\/span><\/a><\/p>\n","protected":false},"author":2,"featured_media":0,"parent":0,"menu_order":0,"comment_status":"closed","ping_status":"closed","template":"","meta":{"neve_meta_sidebar":"","neve_meta_container":"","neve_meta_enable_content_width":"","neve_meta_content_width":0,"neve_meta_title_alignment":"","neve_meta_author_avatar":"","neve_post_elements_order":"","neve_meta_disable_header":"","neve_meta_disable_footer":"","neve_meta_disable_title":"","footnotes":""},"class_list":["post-40","page","type-page","status-publish","hentry"],"yoast_head":"<!-- This site is optimized with the Yoast SEO plugin v21.7 - https:\/\/yoast.com\/wordpress\/plugins\/seo\/ -->\n<title>F\u00fchrungstraining - F\u00fchrungsausbildung - Leadershiptraining | traiNUup<\/title>\n<meta name=\"description\" content=\"Garantieren Sie Ihren Unternehmenserfolg mit unseren F\u00fchrungstrainings. Ma\u00dfgeschneidert auf Ihre individuellen Bed\u00fcrfnisse.\" \/>\n<meta name=\"robots\" content=\"index, follow, max-snippet:-1, max-image-preview:large, max-video-preview:-1\" \/>\n<link rel=\"canonical\" href=\"https:\/\/trainuup.com\/index.php\/leadershiptraining\/\" \/>\n<meta property=\"og:locale\" content=\"de_DE\" \/>\n<meta property=\"og:type\" content=\"article\" \/>\n<meta property=\"og:title\" content=\"F\u00fchrungstraining - F\u00fchrungsausbildung - Leadershiptraining | traiNUup\" \/>\n<meta property=\"og:description\" content=\"Garantieren Sie Ihren Unternehmenserfolg mit unseren F\u00fchrungstrainings. Ma\u00dfgeschneidert auf Ihre individuellen Bed\u00fcrfnisse.\" \/>\n<meta property=\"og:url\" content=\"https:\/\/trainuup.com\/index.php\/leadershiptraining\/\" \/>\n<meta property=\"og:site_name\" content=\"traiNUup\" \/>\n<meta property=\"article:modified_time\" content=\"2022-06-19T13:25:21+00:00\" \/>\n<meta property=\"og:image\" content=\"https:\/\/mlv30jfrag7f.i.optimole.com\/w:1024\/h:683\/q:mauto\/f:best\/https:\/\/trainuup.com\/wp-content\/uploads\/2022\/06\/Sales-Excellence-April-2022-118-1.png\" \/>\n<meta name=\"twitter:card\" content=\"summary_large_image\" \/>\n<meta name=\"twitter:label1\" content=\"Gesch\u00e4tzte Lesezeit\" \/>\n\t<meta name=\"twitter:data1\" content=\"4 Minuten\" \/>\n<script type=\"application\/ld+json\" class=\"yoast-schema-graph\">{\"@context\":\"https:\/\/schema.org\",\"@graph\":[{\"@type\":\"WebPage\",\"@id\":\"https:\/\/trainuup.com\/index.php\/leadershiptraining\/\",\"url\":\"https:\/\/trainuup.com\/index.php\/leadershiptraining\/\",\"name\":\"F\u00fchrungstraining - F\u00fchrungsausbildung - Leadershiptraining | traiNUup\",\"isPartOf\":{\"@id\":\"https:\/\/trainuup.com\/#website\"},\"datePublished\":\"2022-06-09T12:26:34+00:00\",\"dateModified\":\"2022-06-19T13:25:21+00:00\",\"description\":\"Garantieren Sie Ihren Unternehmenserfolg mit unseren F\u00fchrungstrainings. Ma\u00dfgeschneidert auf Ihre individuellen Bed\u00fcrfnisse.\",\"breadcrumb\":{\"@id\":\"https:\/\/trainuup.com\/index.php\/leadershiptraining\/#breadcrumb\"},\"inLanguage\":\"de-AT\",\"potentialAction\":[{\"@type\":\"ReadAction\",\"target\":[\"https:\/\/trainuup.com\/index.php\/leadershiptraining\/\"]}]},{\"@type\":\"BreadcrumbList\",\"@id\":\"https:\/\/trainuup.com\/index.php\/leadershiptraining\/#breadcrumb\",\"itemListElement\":[{\"@type\":\"ListItem\",\"position\":1,\"name\":\"Startseite\",\"item\":\"https:\/\/trainuup.com\/\"},{\"@type\":\"ListItem\",\"position\":2,\"name\":\"Leadershiptraining\"}]},{\"@type\":\"WebSite\",\"@id\":\"https:\/\/trainuup.com\/#website\",\"url\":\"https:\/\/trainuup.com\/\",\"name\":\"traiNUup\",\"description\":\"Coaching | Training | Potenziale heben\",\"publisher\":{\"@id\":\"https:\/\/trainuup.com\/#organization\"},\"potentialAction\":[{\"@type\":\"SearchAction\",\"target\":{\"@type\":\"EntryPoint\",\"urlTemplate\":\"https:\/\/trainuup.com\/?s={search_term_string}\"},\"query-input\":\"required name=search_term_string\"}],\"inLanguage\":\"de-AT\"},{\"@type\":\"Organization\",\"@id\":\"https:\/\/trainuup.com\/#organization\",\"name\":\"traiNUup\",\"url\":\"https:\/\/trainuup.com\/\",\"logo\":{\"@type\":\"ImageObject\",\"inLanguage\":\"de-AT\",\"@id\":\"https:\/\/trainuup.com\/#\/schema\/logo\/image\/\",\"url\":\"https:\/\/mlv30jfrag7f.i.optimole.com\/w:auto\/h:auto\/q:mauto\/f:best\/https:\/\/trainuup.com\/wp-content\/uploads\/2022\/06\/Logo_FINAL-EDEL_QUADRAT-1.png\",\"contentUrl\":\"https:\/\/mlv30jfrag7f.i.optimole.com\/w:auto\/h:auto\/q:mauto\/f:best\/https:\/\/trainuup.com\/wp-content\/uploads\/2022\/06\/Logo_FINAL-EDEL_QUADRAT-1.png\",\"width\":1308,\"height\":1307,\"caption\":\"traiNUup\"},\"image\":{\"@id\":\"https:\/\/trainuup.com\/#\/schema\/logo\/image\/\"}}]}<\/script>\n<!-- \/ Yoast SEO plugin. -->","yoast_head_json":{"title":"F\u00fchrungstraining - F\u00fchrungsausbildung - Leadershiptraining | traiNUup","description":"Garantieren Sie Ihren Unternehmenserfolg mit unseren F\u00fchrungstrainings. Ma\u00dfgeschneidert auf Ihre individuellen Bed\u00fcrfnisse.","robots":{"index":"index","follow":"follow","max-snippet":"max-snippet:-1","max-image-preview":"max-image-preview:large","max-video-preview":"max-video-preview:-1"},"canonical":"https:\/\/trainuup.com\/index.php\/leadershiptraining\/","og_locale":"de_DE","og_type":"article","og_title":"F\u00fchrungstraining - F\u00fchrungsausbildung - Leadershiptraining | traiNUup","og_description":"Garantieren Sie Ihren Unternehmenserfolg mit unseren F\u00fchrungstrainings. Ma\u00dfgeschneidert auf Ihre individuellen Bed\u00fcrfnisse.","og_url":"https:\/\/trainuup.com\/index.php\/leadershiptraining\/","og_site_name":"traiNUup","article_modified_time":"2022-06-19T13:25:21+00:00","og_image":[{"url":"https:\/\/mlv30jfrag7f.i.optimole.com\/w:1024\/h:683\/q:mauto\/f:best\/https:\/\/trainuup.com\/wp-content\/uploads\/2022\/06\/Sales-Excellence-April-2022-118-1.png"}],"twitter_card":"summary_large_image","twitter_misc":{"Gesch\u00e4tzte Lesezeit":"4 Minuten"},"schema":{"@context":"https:\/\/schema.org","@graph":[{"@type":"WebPage","@id":"https:\/\/trainuup.com\/index.php\/leadershiptraining\/","url":"https:\/\/trainuup.com\/index.php\/leadershiptraining\/","name":"F\u00fchrungstraining - F\u00fchrungsausbildung - Leadershiptraining | traiNUup","isPartOf":{"@id":"https:\/\/trainuup.com\/#website"},"datePublished":"2022-06-09T12:26:34+00:00","dateModified":"2022-06-19T13:25:21+00:00","description":"Garantieren Sie Ihren Unternehmenserfolg mit unseren F\u00fchrungstrainings. Ma\u00dfgeschneidert auf Ihre individuellen Bed\u00fcrfnisse.","breadcrumb":{"@id":"https:\/\/trainuup.com\/index.php\/leadershiptraining\/#breadcrumb"},"inLanguage":"de-AT","potentialAction":[{"@type":"ReadAction","target":["https:\/\/trainuup.com\/index.php\/leadershiptraining\/"]}]},{"@type":"BreadcrumbList","@id":"https:\/\/trainuup.com\/index.php\/leadershiptraining\/#breadcrumb","itemListElement":[{"@type":"ListItem","position":1,"name":"Startseite","item":"https:\/\/trainuup.com\/"},{"@type":"ListItem","position":2,"name":"Leadershiptraining"}]},{"@type":"WebSite","@id":"https:\/\/trainuup.com\/#website","url":"https:\/\/trainuup.com\/","name":"traiNUup","description":"Coaching | Training | Potenziale heben","publisher":{"@id":"https:\/\/trainuup.com\/#organization"},"potentialAction":[{"@type":"SearchAction","target":{"@type":"EntryPoint","urlTemplate":"https:\/\/trainuup.com\/?s={search_term_string}"},"query-input":"required name=search_term_string"}],"inLanguage":"de-AT"},{"@type":"Organization","@id":"https:\/\/trainuup.com\/#organization","name":"traiNUup","url":"https:\/\/trainuup.com\/","logo":{"@type":"ImageObject","inLanguage":"de-AT","@id":"https:\/\/trainuup.com\/#\/schema\/logo\/image\/","url":"https:\/\/mlv30jfrag7f.i.optimole.com\/w:auto\/h:auto\/q:mauto\/f:best\/https:\/\/trainuup.com\/wp-content\/uploads\/2022\/06\/Logo_FINAL-EDEL_QUADRAT-1.png","contentUrl":"https:\/\/mlv30jfrag7f.i.optimole.com\/w:auto\/h:auto\/q:mauto\/f:best\/https:\/\/trainuup.com\/wp-content\/uploads\/2022\/06\/Logo_FINAL-EDEL_QUADRAT-1.png","width":1308,"height":1307,"caption":"traiNUup"},"image":{"@id":"https:\/\/trainuup.com\/#\/schema\/logo\/image\/"}}]}},"_links":{"self":[{"href":"https:\/\/trainuup.com\/index.php\/wp-json\/wp\/v2\/pages\/40","targetHints":{"allow":["GET"]}}],"collection":[{"href":"https:\/\/trainuup.com\/index.php\/wp-json\/wp\/v2\/pages"}],"about":[{"href":"https:\/\/trainuup.com\/index.php\/wp-json\/wp\/v2\/types\/page"}],"author":[{"embeddable":true,"href":"https:\/\/trainuup.com\/index.php\/wp-json\/wp\/v2\/users\/2"}],"replies":[{"embeddable":true,"href":"https:\/\/trainuup.com\/index.php\/wp-json\/wp\/v2\/comments?post=40"}],"version-history":[{"count":39,"href":"https:\/\/trainuup.com\/index.php\/wp-json\/wp\/v2\/pages\/40\/revisions"}],"predecessor-version":[{"id":755,"href":"https:\/\/trainuup.com\/index.php\/wp-json\/wp\/v2\/pages\/40\/revisions\/755"}],"wp:attachment":[{"href":"https:\/\/trainuup.com\/index.php\/wp-json\/wp\/v2\/media?parent=40"}],"curies":[{"name":"wp","href":"https:\/\/api.w.org\/{rel}","templated":true}]}}