{"id":46,"date":"2022-06-09T12:28:21","date_gmt":"2022-06-09T12:28:21","guid":{"rendered":"https:\/\/trainuup.com\/?page_id=46"},"modified":"2022-06-29T12:18:50","modified_gmt":"2022-06-29T12:18:50","slug":"customized-training","status":"publish","type":"page","link":"https:\/\/trainuup.com\/index.php\/customized-training\/","title":{"rendered":"Customized Training"},"content":{"rendered":"\n<h1 class=\"has-text-align-center wp-block-heading\">Customized Training<\/h1>\n\n\n\n<h4 class=\"has-text-align-center has-nv-c-2-color has-text-color wp-block-heading\">SPEZIALIT\u00c4TEN F\u00dcR GANZ BESONDERE ANFORDERUNGEN<\/h4>\n\n\n\n<hr class=\"wp-block-separator alignwide has-text-color has-nv-c-2-color has-alpha-channel-opacity has-nv-c-2-background-color has-background\"\/>\n\n\n\n<div class=\"alignnormal\"><div id=\"metaslider-id-576\" style=\"width: 100%;\" class=\"ml-slider-3-60-1 metaslider metaslider-flex metaslider-576 ml-slider ms-theme-default nav-hidden\" role=\"region\" aria-roledescription=\"Slideshow\" aria-label=\"Customized\">\n    <div id=\"metaslider_container_576\">\n        <div id=\"metaslider_576\">\n            <ul aria-live=\"polite\" class=\"slides\">\n                <li style=\"display: block; width: 100%;\" class=\"slide-594 ms-image\" aria-roledescription=\"slide\" aria-label=\"slide-594\"><img fetchpriority=\"high\" decoding=\"async\" width=\"10417\" height=\"7292\" src=\"https:\/\/mlv30jfrag7f.i.optimole.com\/w:auto\/h:auto\/q:mauto\/f:best\/https:\/\/trainuup.com\/wp-content\/uploads\/2022\/06\/DSC03797_fertig.png\" class=\"slider-576 slide-594\" alt=\"\" rel=\"\" title=\"DSC03797_fertig\" style=\"margin: 0 auto; width: 71.427591881514%\" \/><\/li>\n                <li style=\"display: none; width: 100%;\" class=\"slide-599 ms-image\" aria-roledescription=\"slide\" aria-label=\"slide-599\"><img decoding=\"async\" width=\"10417\" height=\"7292\" src=\"https:\/\/mlv30jfrag7f.i.optimole.com\/w:auto\/h:auto\/q:mauto\/f:best\/https:\/\/trainuup.com\/wp-content\/uploads\/2022\/06\/laptops-g69272859e_1920_fertig.png\" class=\"slider-576 slide-599\" alt=\"\" rel=\"\" title=\"laptops-g69272859e_1920_fertig\" style=\"margin: 0 auto; width: 71.427591881514%\" \/><\/li>\n                <li style=\"display: none; width: 100%;\" class=\"slide-592 ms-image\" aria-roledescription=\"slide\" aria-label=\"slide-592\"><img decoding=\"async\" width=\"10417\" height=\"7292\" src=\"https:\/\/mlv30jfrag7f.i.optimole.com\/w:auto\/h:auto\/q:mauto\/f:best\/https:\/\/trainuup.com\/wp-content\/uploads\/2022\/06\/MG_0937_fertig.png\" class=\"slider-576 slide-592\" alt=\"\" rel=\"\" title=\"_MG_0937_fertig\" style=\"margin: 0 auto; width: 71.427591881514%\" \/><\/li>\n                <li style=\"display: none; width: 100%;\" class=\"slide-838 ms-image\" aria-roledescription=\"slide\" aria-label=\"slide-838\"><img data-opt-src=\"https:\/\/mlv30jfrag7f.i.optimole.com\/w:auto\/h:auto\/q:mauto\/f:best\/https:\/\/trainuup.com\/wp-content\/uploads\/2022\/06\/circus-g598b265c4_1920_fertigfertig.png\"  loading=\"lazy\" decoding=\"async\" width=\"10417\" height=\"7292\" src=\"data:image/svg+xml,%3Csvg%20viewBox%3D%220%200%20100%%20100%%22%20width%3D%22100%%22%20height%3D%22100%%22%20xmlns%3D%22http%3A%2F%2Fwww.w3.org%2F2000%2Fsvg%22%3E%3Crect%20width%3D%22100%%22%20height%3D%22100%%22%20fill%3D%22transparent%22%2F%3E%3C%2Fsvg%3E\" class=\"slider-576 slide-838\" alt=\"\" rel=\"\" title=\"circus-g598b265c4_1920_fertigfertig\" style=\"margin: 0 auto; width: 71.427591881514%\" \/><\/li>\n                <li style=\"display: none; width: 100%;\" class=\"slide-840 ms-image\" aria-roledescription=\"slide\" aria-label=\"slide-840\"><img data-opt-src=\"https:\/\/mlv30jfrag7f.i.optimole.com\/w:auto\/h:auto\/q:mauto\/f:best\/https:\/\/trainuup.com\/wp-content\/uploads\/2022\/06\/IMG_20210905_111404_fertig.png\"  loading=\"lazy\" decoding=\"async\" width=\"10417\" height=\"7292\" src=\"data:image/svg+xml,%3Csvg%20viewBox%3D%220%200%20100%%20100%%22%20width%3D%22100%%22%20height%3D%22100%%22%20xmlns%3D%22http%3A%2F%2Fwww.w3.org%2F2000%2Fsvg%22%3E%3Crect%20width%3D%22100%%22%20height%3D%22100%%22%20fill%3D%22transparent%22%2F%3E%3C%2Fsvg%3E\" class=\"slider-576 slide-840\" alt=\"\" rel=\"\" title=\"IMG_20210905_111404_fertig\" style=\"margin: 0 auto; width: 71.427591881514%\" \/><\/li>\n                <li style=\"display: none; width: 100%;\" class=\"slide-842 ms-image\" aria-roledescription=\"slide\" aria-label=\"slide-842\"><img data-opt-src=\"https:\/\/mlv30jfrag7f.i.optimole.com\/w:auto\/h:auto\/q:mauto\/f:best\/https:\/\/trainuup.com\/wp-content\/uploads\/2022\/06\/irrsiegler1_fertig.png\"  loading=\"lazy\" decoding=\"async\" width=\"10417\" height=\"7292\" src=\"data:image/svg+xml,%3Csvg%20viewBox%3D%220%200%20100%%20100%%22%20width%3D%22100%%22%20height%3D%22100%%22%20xmlns%3D%22http%3A%2F%2Fwww.w3.org%2F2000%2Fsvg%22%3E%3Crect%20width%3D%22100%%22%20height%3D%22100%%22%20fill%3D%22transparent%22%2F%3E%3C%2Fsvg%3E\" class=\"slider-576 slide-842\" alt=\"\" rel=\"\" title=\"irrsiegler1_fertig\" style=\"margin: 0 auto; width: 71.427591881514%\" \/><\/li>\n                <li style=\"display: none; width: 100%;\" class=\"slide-844 ms-image\" aria-roledescription=\"slide\" aria-label=\"slide-844\"><img data-opt-src=\"https:\/\/mlv30jfrag7f.i.optimole.com\/w:auto\/h:auto\/q:mauto\/f:best\/https:\/\/trainuup.com\/wp-content\/uploads\/2022\/06\/movie-theater-gb38b3488c_1920_fertig.png\"  loading=\"lazy\" decoding=\"async\" width=\"10417\" height=\"7292\" src=\"data:image/svg+xml,%3Csvg%20viewBox%3D%220%200%20100%%20100%%22%20width%3D%22100%%22%20height%3D%22100%%22%20xmlns%3D%22http%3A%2F%2Fwww.w3.org%2F2000%2Fsvg%22%3E%3Crect%20width%3D%22100%%22%20height%3D%22100%%22%20fill%3D%22transparent%22%2F%3E%3C%2Fsvg%3E\" class=\"slider-576 slide-844\" alt=\"\" rel=\"\" title=\"movie-theater-gb38b3488c_1920_fertig\" style=\"margin: 0 auto; width: 71.427591881514%\" \/><\/li>\n                <li style=\"display: none; width: 100%;\" class=\"slide-846 ms-image\" aria-roledescription=\"slide\" aria-label=\"slide-846\"><img data-opt-src=\"https:\/\/mlv30jfrag7f.i.optimole.com\/w:auto\/h:auto\/q:mauto\/f:best\/https:\/\/trainuup.com\/wp-content\/uploads\/2022\/06\/shopping-g52706f2df_1920_fertig_NEU.png\"  loading=\"lazy\" decoding=\"async\" width=\"10417\" height=\"7292\" src=\"data:image/svg+xml,%3Csvg%20viewBox%3D%220%200%20100%%20100%%22%20width%3D%22100%%22%20height%3D%22100%%22%20xmlns%3D%22http%3A%2F%2Fwww.w3.org%2F2000%2Fsvg%22%3E%3Crect%20width%3D%22100%%22%20height%3D%22100%%22%20fill%3D%22transparent%22%2F%3E%3C%2Fsvg%3E\" class=\"slider-576 slide-846\" alt=\"\" rel=\"\" title=\"shopping-g52706f2df_1920_fertig_NEU\" style=\"margin: 0 auto; width: 71.427591881514%\" \/><\/li>\n            <\/ul>\n        <\/div>\n        \n    <\/div>\n<\/div><\/div>\n\n\n\n<div style=\"height:50px\" aria-hidden=\"true\" class=\"wp-block-spacer\"><\/div>\n\n\n\n<h3 class=\"has-text-align-center wp-block-heading\">Individuelle Spezialit\u00e4ten<\/h3>\n\n\n\n<hr class=\"wp-block-separator alignwide has-text-color has-nv-c-2-color has-alpha-channel-opacity has-nv-c-2-background-color has-background\"\/>\n\n\n\n<p class=\"has-text-align-center\">Sales-, F\u00fchrung-, Teamtrainings sind in Ihrem Unternehmen bereits in guten H\u00e4nden? Das freut uns! <\/p>\n\n\n\n<p class=\"has-text-align-center\">Sie haben deshalb noch nichts gefunden, dass zu Ihren aktuellen, speziellen Anforderungen passt? Dann sind Sie bei uns genau richtig! traiNUup und seine Partner bieten Ihnen verschiedenste M\u00f6glichkeiten, zum Beispiel:<\/p>\n\n\n\n<p class=\"has-text-align-center\"><strong>Moderationen und Keynote-Speaker<\/strong><\/p>\n\n\n\n<p class=\"has-text-align-center\"><strong>Begleitung von Sales-Mitarbeitern direkt beim Kunden<\/strong><\/p>\n\n\n\n<p class=\"has-text-align-center\"><strong>Mystery Shopping<\/strong><\/p>\n\n\n\n<p class=\"has-text-align-center\"><strong>Musikalische Performance z.B. bei Betriebsfesten<\/strong><\/p>\n\n\n\n<p class=\"has-text-align-center\"><strong>F\u00fchrungsklausur am Segelboot f\u00fcr Top Management<\/strong><br>(<a href=\"http:\/\/www.recuperation.at\" target=\"_blank\" rel=\"noreferrer noopener\">www.recuperation.at<\/a>)<\/p>\n\n\n\n<p class=\"has-text-align-center\"><strong>Erlebnisorientiertes Businesstheater<\/strong><br>(<a href=\"http:\/\/www.movemental.at\/eric_theaterseite_wp\/\" target=\"_blank\" rel=\"noreferrer noopener\">http:\/\/www.movemental.at\/eric_theaterseite_wp\/<\/a>)<\/p>\n\n\n\n<p class=\"has-text-align-center\"><strong>Walking Acts<\/strong><br>(<a href=\"http:\/\/www.movemental.at\/eric_theaterseite_wp\/\" target=\"_blank\" rel=\"noreferrer noopener\">http:\/\/www.movemental.at\/eric_theaterseite_wp\/<\/a>)<\/p>\n\n\n\n<p class=\"has-text-align-center\"><strong>Zirkusshows von den Kollegen f\u00fcr die Kollegen<\/strong><br>(<a href=\"http:\/\/www.movemental.at\/eric_theaterseite_wp\/\" target=\"_blank\" rel=\"noreferrer noopener\">http:\/\/www.movemental.at\/eric_theaterseite_wp\/<\/a>)<\/p>\n\n\n\n<div style=\"height:50px\" aria-hidden=\"true\" class=\"wp-block-spacer\"><\/div>\n\n\n\n<div class=\"wp-block-columns alignfull is-layout-flex wp-container-core-columns-is-layout-9d6595d7 wp-block-columns-is-layout-flex\">\n<div class=\"wp-block-column has-nv-light-bg-background-color has-background is-layout-flow wp-block-column-is-layout-flow\">\n<div style=\"height:50px\" aria-hidden=\"true\" class=\"wp-block-spacer\"><\/div>\n\n\n\n<h2 class=\"has-text-align-center wp-block-heading\">Jetzt anfragen<\/h2>\n\n\n\n<h4 class=\"has-text-align-center has-nv-c-2-color has-text-color wp-block-heading\">LET ME TRAIN YOU UP<\/h4>\n\n\n\n<hr class=\"wp-block-separator alignwide has-text-color has-nv-c-2-color has-alpha-channel-opacity has-nv-c-2-background-color has-background\"\/>\n\n\n\n<p class=\"has-text-align-center\">Sie k\u00f6nnen f\u00fcr Ihre Anfrage gerne unser Kontaktformular nutzen.<br>Wir werden uns ehestm\u00f6glich mit Ihnen in Verbindung setzen!<\/p>\n\n\n\n<p class=\"has-text-align-center\">Alternativ k\u00f6nnen Sie uns auch unter unserer E-Mail-Adresse (<a href=\"mailto:mnuzzaci@trainuup.com\">mnuzzaci@trainuup.com<\/a>) oder Telefonnummer (<a href=\"tel: +436641014678\">+436641014678<\/a>) erreichen.<\/p>\n\n\n\n<div class=\"wp-block-columns alignwide are-vertically-aligned-center is-layout-flex wp-container-core-columns-is-layout-9d6595d7 wp-block-columns-is-layout-flex\">\n<div class=\"wp-block-column is-vertically-aligned-center is-layout-flow wp-block-column-is-layout-flow\" style=\"flex-basis:33.34%\"><\/div>\n\n\n\n<div class=\"wp-block-column is-layout-flow wp-block-column-is-layout-flow\" style=\"flex-basis:33.34%\">\n<div class=\"wpcf7 no-js\" id=\"wpcf7-f76-o1\" lang=\"de-AT\" dir=\"ltr\">\n<div class=\"screen-reader-response\"><p role=\"status\" aria-live=\"polite\" aria-atomic=\"true\"><\/p> <ul><\/ul><\/div>\n<form action=\"\/index.php\/wp-json\/wp\/v2\/pages\/46#wpcf7-f76-o1\" method=\"post\" class=\"wpcf7-form init\" aria-label=\"Contact form\" novalidate=\"novalidate\" data-status=\"init\">\n<div style=\"display: none;\">\n<input type=\"hidden\" name=\"_wpcf7\" value=\"76\" \/>\n<input type=\"hidden\" name=\"_wpcf7_version\" value=\"5.8.4\" \/>\n<input type=\"hidden\" name=\"_wpcf7_locale\" value=\"de_AT\" \/>\n<input type=\"hidden\" name=\"_wpcf7_unit_tag\" value=\"wpcf7-f76-o1\" \/>\n<input type=\"hidden\" name=\"_wpcf7_container_post\" value=\"0\" \/>\n<input type=\"hidden\" name=\"_wpcf7_posted_data_hash\" value=\"\" \/>\n<\/div>\n<p><label> Name<br \/>\n<span class=\"wpcf7-form-control-wrap\" data-name=\"your-name\"><input size=\"40\" class=\"wpcf7-form-control wpcf7-text wpcf7-validates-as-required\" aria-required=\"true\" aria-invalid=\"false\" value=\"\" type=\"text\" name=\"your-name\" \/><\/span> <\/label>\n<\/p>\n<p><label> Firma<br \/>\n<span class=\"wpcf7-form-control-wrap\" data-name=\"your-firm\"><input size=\"40\" class=\"wpcf7-form-control wpcf7-text wpcf7-validates-as-required\" aria-required=\"true\" aria-invalid=\"false\" value=\"\" type=\"text\" name=\"your-firm\" \/><\/span> <\/label>\n<\/p>\n<p><label> E-Mail-Adresse<br \/>\n<span class=\"wpcf7-form-control-wrap\" data-name=\"your-email\"><input size=\"40\" class=\"wpcf7-form-control wpcf7-email wpcf7-validates-as-required wpcf7-text wpcf7-validates-as-email\" aria-required=\"true\" aria-invalid=\"false\" value=\"\" type=\"email\" name=\"your-email\" \/><\/span> <\/label>\n<\/p>\n<p><label> Telefon<br \/>\n<span class=\"wpcf7-form-control-wrap\" data-name=\"tel-555\"><input size=\"40\" class=\"wpcf7-form-control wpcf7-tel wpcf7-validates-as-required wpcf7-text wpcf7-validates-as-tel\" aria-required=\"true\" aria-invalid=\"false\" value=\"\" type=\"tel\" name=\"tel-555\" \/><\/span> <\/label>\n<\/p>\n<p><label> Anfrage<br \/>\n<span class=\"wpcf7-form-control-wrap\" data-name=\"your-message\"><textarea cols=\"40\" rows=\"10\" class=\"wpcf7-form-control wpcf7-textarea wpcf7-validates-as-required\" aria-required=\"true\" aria-invalid=\"false\" name=\"your-message\"><\/textarea><\/span> <\/label>\n<\/p>\n<p><span class=\"wpcf7-form-control-wrap\" data-name=\"Datenschutz\"><span class=\"wpcf7-form-control wpcf7-acceptance\"><span class=\"wpcf7-list-item\"><label><input type=\"checkbox\" name=\"Datenschutz\" value=\"1\" aria-invalid=\"false\" \/><span class=\"wpcf7-list-item-label\">Ich stimme zu, dass meine Angaben aus dem Kontaktformular zur Beantwortung meiner Anfrage erhoben und verarbeitet werden. Die Daten werden nach abgeschlossener Bearbeitung Ihrer Anfrage gel\u00f6scht. Hinweis: Sie k\u00f6nnen Ihre Einwilligung jederzeit f\u00fcr die Zukunft per E-Mail an mnuzzaci@trainuup.com widerrufen. Detaillierte Informationen zum Umgang mit Nutzerdaten finden Sie in unserer Datenschutzerkl\u00e4rung.<\/span><\/label><\/span><\/span><\/span>\n<\/p>\n<p><input class=\"wpcf7-form-control wpcf7-submit has-spinner\" type=\"submit\" value=\"Abschicken\" \/>\n<\/p><div class=\"wpcf7-response-output\" aria-hidden=\"true\"><\/div>\n<\/form>\n<\/div>\n\n<\/div>\n\n\n\n<div class=\"wp-block-column is-layout-flow wp-block-column-is-layout-flow\" style=\"flex-basis:33.33%\"><\/div>\n<\/div>\n<\/div>\n<\/div>\n","protected":false},"excerpt":{"rendered":"<p>Customized Training SPEZIALIT\u00c4TEN F\u00dcR GANZ BESONDERE ANFORDERUNGEN Individuelle Spezialit\u00e4ten Sales-, F\u00fchrung-, Teamtrainings sind in Ihrem Unternehmen bereits in guten H\u00e4nden? Das freut uns! Sie haben deshalb noch nichts gefunden, dass zu Ihren aktuellen, speziellen Anforderungen passt? Dann sind Sie bei uns genau richtig! traiNUup und seine Partner bieten Ihnen verschiedenste M\u00f6glichkeiten, zum Beispiel: Moderationen und&hellip;&nbsp;<a href=\"https:\/\/trainuup.com\/index.php\/customized-training\/\" class=\"\" rel=\"bookmark\">Weiterlesen &raquo;<span class=\"screen-reader-text\">Customized Training<\/span><\/a><\/p>\n","protected":false},"author":2,"featured_media":0,"parent":0,"menu_order":0,"comment_status":"closed","ping_status":"closed","template":"","meta":{"neve_meta_sidebar":"","neve_meta_container":"","neve_meta_enable_content_width":"","neve_meta_content_width":0,"neve_meta_title_alignment":"","neve_meta_author_avatar":"","neve_post_elements_order":"","neve_meta_disable_header":"","neve_meta_disable_footer":"","neve_meta_disable_title":"","footnotes":""},"class_list":["post-46","page","type-page","status-publish","hentry"],"yoast_head":"<!-- This site is optimized with the Yoast SEO plugin v21.7 - https:\/\/yoast.com\/wordpress\/plugins\/seo\/ -->\n<title>Customized Training - Individuelles Training - Spezialtraining | traiNUup<\/title>\n<meta name=\"description\" content=\"F\u00fcr spezielle Anforderungen bieten wir unter anderem Walking Acts, musikalische Performances, Mystery Shopping als auch Zirkusshows an.\" \/>\n<meta name=\"robots\" content=\"index, follow, max-snippet:-1, max-image-preview:large, max-video-preview:-1\" \/>\n<link rel=\"canonical\" href=\"https:\/\/trainuup.com\/index.php\/customized-training\/\" \/>\n<meta property=\"og:locale\" content=\"de_DE\" \/>\n<meta property=\"og:type\" content=\"article\" \/>\n<meta property=\"og:title\" content=\"Customized Training - Individuelles Training - Spezialtraining | traiNUup\" \/>\n<meta property=\"og:description\" content=\"F\u00fcr spezielle Anforderungen bieten wir unter anderem Walking Acts, musikalische Performances, Mystery Shopping als auch Zirkusshows an.\" \/>\n<meta property=\"og:url\" content=\"https:\/\/trainuup.com\/index.php\/customized-training\/\" \/>\n<meta property=\"og:site_name\" content=\"traiNUup\" \/>\n<meta property=\"article:modified_time\" content=\"2022-06-29T12:18:50+00:00\" \/>\n<meta name=\"twitter:card\" content=\"summary_large_image\" \/>\n<meta name=\"twitter:label1\" content=\"Gesch\u00e4tzte Lesezeit\" \/>\n\t<meta name=\"twitter:data1\" content=\"1 Minute\" \/>\n<script type=\"application\/ld+json\" class=\"yoast-schema-graph\">{\"@context\":\"https:\/\/schema.org\",\"@graph\":[{\"@type\":\"WebPage\",\"@id\":\"https:\/\/trainuup.com\/index.php\/customized-training\/\",\"url\":\"https:\/\/trainuup.com\/index.php\/customized-training\/\",\"name\":\"Customized Training - Individuelles Training - Spezialtraining | traiNUup\",\"isPartOf\":{\"@id\":\"https:\/\/trainuup.com\/#website\"},\"datePublished\":\"2022-06-09T12:28:21+00:00\",\"dateModified\":\"2022-06-29T12:18:50+00:00\",\"description\":\"F\u00fcr spezielle Anforderungen bieten wir unter anderem Walking Acts, musikalische Performances, Mystery Shopping als auch Zirkusshows an.\",\"breadcrumb\":{\"@id\":\"https:\/\/trainuup.com\/index.php\/customized-training\/#breadcrumb\"},\"inLanguage\":\"de-AT\",\"potentialAction\":[{\"@type\":\"ReadAction\",\"target\":[\"https:\/\/trainuup.com\/index.php\/customized-training\/\"]}]},{\"@type\":\"BreadcrumbList\",\"@id\":\"https:\/\/trainuup.com\/index.php\/customized-training\/#breadcrumb\",\"itemListElement\":[{\"@type\":\"ListItem\",\"position\":1,\"name\":\"Startseite\",\"item\":\"https:\/\/trainuup.com\/\"},{\"@type\":\"ListItem\",\"position\":2,\"name\":\"Customized Training\"}]},{\"@type\":\"WebSite\",\"@id\":\"https:\/\/trainuup.com\/#website\",\"url\":\"https:\/\/trainuup.com\/\",\"name\":\"traiNUup\",\"description\":\"Coaching | Training | Potenziale heben\",\"publisher\":{\"@id\":\"https:\/\/trainuup.com\/#organization\"},\"potentialAction\":[{\"@type\":\"SearchAction\",\"target\":{\"@type\":\"EntryPoint\",\"urlTemplate\":\"https:\/\/trainuup.com\/?s={search_term_string}\"},\"query-input\":\"required name=search_term_string\"}],\"inLanguage\":\"de-AT\"},{\"@type\":\"Organization\",\"@id\":\"https:\/\/trainuup.com\/#organization\",\"name\":\"traiNUup\",\"url\":\"https:\/\/trainuup.com\/\",\"logo\":{\"@type\":\"ImageObject\",\"inLanguage\":\"de-AT\",\"@id\":\"https:\/\/trainuup.com\/#\/schema\/logo\/image\/\",\"url\":\"https:\/\/mlv30jfrag7f.i.optimole.com\/w:auto\/h:auto\/q:mauto\/f:best\/https:\/\/trainuup.com\/wp-content\/uploads\/2022\/06\/Logo_FINAL-EDEL_QUADRAT-1.png\",\"contentUrl\":\"https:\/\/mlv30jfrag7f.i.optimole.com\/w:auto\/h:auto\/q:mauto\/f:best\/https:\/\/trainuup.com\/wp-content\/uploads\/2022\/06\/Logo_FINAL-EDEL_QUADRAT-1.png\",\"width\":1308,\"height\":1307,\"caption\":\"traiNUup\"},\"image\":{\"@id\":\"https:\/\/trainuup.com\/#\/schema\/logo\/image\/\"}}]}<\/script>\n<!-- \/ Yoast SEO plugin. -->","yoast_head_json":{"title":"Customized Training - Individuelles Training - Spezialtraining | traiNUup","description":"F\u00fcr spezielle Anforderungen bieten wir unter anderem Walking Acts, musikalische Performances, Mystery Shopping als auch Zirkusshows an.","robots":{"index":"index","follow":"follow","max-snippet":"max-snippet:-1","max-image-preview":"max-image-preview:large","max-video-preview":"max-video-preview:-1"},"canonical":"https:\/\/trainuup.com\/index.php\/customized-training\/","og_locale":"de_DE","og_type":"article","og_title":"Customized Training - Individuelles Training - Spezialtraining | traiNUup","og_description":"F\u00fcr spezielle Anforderungen bieten wir unter anderem Walking Acts, musikalische Performances, Mystery Shopping als auch Zirkusshows an.","og_url":"https:\/\/trainuup.com\/index.php\/customized-training\/","og_site_name":"traiNUup","article_modified_time":"2022-06-29T12:18:50+00:00","twitter_card":"summary_large_image","twitter_misc":{"Gesch\u00e4tzte Lesezeit":"1 Minute"},"schema":{"@context":"https:\/\/schema.org","@graph":[{"@type":"WebPage","@id":"https:\/\/trainuup.com\/index.php\/customized-training\/","url":"https:\/\/trainuup.com\/index.php\/customized-training\/","name":"Customized Training - Individuelles Training - Spezialtraining | traiNUup","isPartOf":{"@id":"https:\/\/trainuup.com\/#website"},"datePublished":"2022-06-09T12:28:21+00:00","dateModified":"2022-06-29T12:18:50+00:00","description":"F\u00fcr spezielle Anforderungen bieten wir unter anderem Walking Acts, musikalische Performances, Mystery Shopping als auch Zirkusshows an.","breadcrumb":{"@id":"https:\/\/trainuup.com\/index.php\/customized-training\/#breadcrumb"},"inLanguage":"de-AT","potentialAction":[{"@type":"ReadAction","target":["https:\/\/trainuup.com\/index.php\/customized-training\/"]}]},{"@type":"BreadcrumbList","@id":"https:\/\/trainuup.com\/index.php\/customized-training\/#breadcrumb","itemListElement":[{"@type":"ListItem","position":1,"name":"Startseite","item":"https:\/\/trainuup.com\/"},{"@type":"ListItem","position":2,"name":"Customized Training"}]},{"@type":"WebSite","@id":"https:\/\/trainuup.com\/#website","url":"https:\/\/trainuup.com\/","name":"traiNUup","description":"Coaching | Training | Potenziale heben","publisher":{"@id":"https:\/\/trainuup.com\/#organization"},"potentialAction":[{"@type":"SearchAction","target":{"@type":"EntryPoint","urlTemplate":"https:\/\/trainuup.com\/?s={search_term_string}"},"query-input":"required name=search_term_string"}],"inLanguage":"de-AT"},{"@type":"Organization","@id":"https:\/\/trainuup.com\/#organization","name":"traiNUup","url":"https:\/\/trainuup.com\/","logo":{"@type":"ImageObject","inLanguage":"de-AT","@id":"https:\/\/trainuup.com\/#\/schema\/logo\/image\/","url":"https:\/\/mlv30jfrag7f.i.optimole.com\/w:auto\/h:auto\/q:mauto\/f:best\/https:\/\/trainuup.com\/wp-content\/uploads\/2022\/06\/Logo_FINAL-EDEL_QUADRAT-1.png","contentUrl":"https:\/\/mlv30jfrag7f.i.optimole.com\/w:auto\/h:auto\/q:mauto\/f:best\/https:\/\/trainuup.com\/wp-content\/uploads\/2022\/06\/Logo_FINAL-EDEL_QUADRAT-1.png","width":1308,"height":1307,"caption":"traiNUup"},"image":{"@id":"https:\/\/trainuup.com\/#\/schema\/logo\/image\/"}}]}},"_links":{"self":[{"href":"https:\/\/trainuup.com\/index.php\/wp-json\/wp\/v2\/pages\/46","targetHints":{"allow":["GET"]}}],"collection":[{"href":"https:\/\/trainuup.com\/index.php\/wp-json\/wp\/v2\/pages"}],"about":[{"href":"https:\/\/trainuup.com\/index.php\/wp-json\/wp\/v2\/types\/page"}],"author":[{"embeddable":true,"href":"https:\/\/trainuup.com\/index.php\/wp-json\/wp\/v2\/users\/2"}],"replies":[{"embeddable":true,"href":"https:\/\/trainuup.com\/index.php\/wp-json\/wp\/v2\/comments?post=46"}],"version-history":[{"count":34,"href":"https:\/\/trainuup.com\/index.php\/wp-json\/wp\/v2\/pages\/46\/revisions"}],"predecessor-version":[{"id":847,"href":"https:\/\/trainuup.com\/index.php\/wp-json\/wp\/v2\/pages\/46\/revisions\/847"}],"wp:attachment":[{"href":"https:\/\/trainuup.com\/index.php\/wp-json\/wp\/v2\/media?parent=46"}],"curies":[{"name":"wp","href":"https:\/\/api.w.org\/{rel}","templated":true}]}}