{"id":48,"date":"2022-06-09T12:29:18","date_gmt":"2022-06-09T12:29:18","guid":{"rendered":"https:\/\/trainuup.com\/?page_id=48"},"modified":"2022-06-19T13:34:53","modified_gmt":"2022-06-19T13:34:53","slug":"maurizio-nuzzaci","status":"publish","type":"page","link":"https:\/\/trainuup.com\/index.php\/maurizio-nuzzaci\/","title":{"rendered":"Maurizio Nuzzaci"},"content":{"rendered":"\n<div class=\"wp-block-media-text alignwide is-stacked-on-mobile has-nv-site-bg-background-color has-background\" style=\"grid-template-columns:28% auto\"><figure class=\"wp-block-media-text__media\"><img fetchpriority=\"high\" decoding=\"async\" width=\"739\" height=\"1024\" src=\"https:\/\/mlv30jfrag7f.i.optimole.com\/w:739\/h:1024\/q:mauto\/f:best\/https:\/\/trainuup.com\/wp-content\/uploads\/2022\/06\/Foto_Maurizio-Nuzzaci.jpg\" alt=\"\" class=\"wp-image-139 size-full\"\/><\/figure><div class=\"wp-block-media-text__content\">\n<h3 class=\"has-neve-text-color-color has-text-color wp-block-heading\" style=\"font-style:normal;font-weight:800\"><br><strong>Maurizio Nuzzaci<\/strong><\/h3>\n\n\n\n<h4 class=\"has-nv-c-2-color has-text-color wp-block-heading\">IMPULSGEBER<\/h4>\n\n\n\n<hr class=\"wp-block-separator aligncenter has-text-color has-nv-c-2-color has-alpha-channel-opacity has-nv-c-2-background-color has-background\"\/>\n\n\n\n<div style=\"height:50px\" aria-hidden=\"true\" class=\"wp-block-spacer\"><\/div>\n\n\n\n<div class=\"wp-block-group has-nv-dark-bg-color has-text-color\"><div class=\"wp-block-group__inner-container is-layout-flow wp-block-group-is-layout-flow\">\n<p class=\"has-neve-text-color-color has-text-color\">Ist es Ihnen wichtig, Ihren Mitarbeiter*innen Impulse f\u00fcr die t\u00e4gliche Arbeit mitzugeben? Ihnen Trainings zu bieten, die transferwirksam sind, also in der Praxis unmittelbar umsetzbar? <strong>Dann sollten Sie mit mir sprechen.<\/strong><\/p>\n\n\n\n<p class=\"has-neve-text-color-color has-text-color\">Ich freue mich auf Ihre <a href=\"https:\/\/trainuup.com\/index.php\/jetzt-anfragen\/\">Kontaktaufnahme<\/a>!<\/p>\n<\/div><\/div>\n<\/div><\/div>\n\n\n\n<div style=\"height:50px\" aria-hidden=\"true\" class=\"wp-block-spacer\"><\/div>\n\n\n\n<h3 class=\"has-text-align-center has-nv-c-2-color has-text-color wp-block-heading\">Sag die Wahrheit &#8211; auch wenn&#8217;s weh tut!<\/h3>\n\n\n\n<p class=\"has-text-align-center has-nv-c-2-color has-text-color has-medium-font-size\">&#8222;You can&#8217;t bargain with the truth!&#8220;<\/p>\n\n\n\n<div style=\"height:100px\" aria-hidden=\"true\" class=\"wp-block-spacer\"><\/div>\n\n\n\n<div class=\"wp-block-columns alignwide is-layout-flex wp-container-core-columns-is-layout-9d6595d7 wp-block-columns-is-layout-flex\">\n<div class=\"wp-block-column is-layout-flow wp-block-column-is-layout-flow\">\n<h3 class=\"has-text-align-center wp-block-heading\">Spezialgebiet<\/h3>\n\n\n\n<hr class=\"wp-block-separator has-text-color has-nv-c-2-color has-alpha-channel-opacity has-nv-c-2-background-color has-background\"\/>\n\n\n\n<p class=\"has-text-align-center\">F\u00fchrungsreflexion f\u00fcr oberes Kader<\/p>\n\n\n\n<p class=\"has-text-align-center\">Vertriebstrainings inkl. Begleitung beim Kunden<\/p>\n\n\n\n<p class=\"has-text-align-center\">Pers\u00f6nlichkeitsentwicklung<\/p>\n\n\n\n<p class=\"has-text-align-center\">Teamtrainings mit unterst\u00fctzenden Outdoor-Elementen<\/p>\n\n\n\n<p class=\"has-text-align-center\">Nachwuchsf\u00fchrungskr\u00e4fte-Programme<\/p>\n\n\n\n<p class=\"has-text-align-center\">Personal Einzel-Coaching<\/p>\n\n\n\n<p class=\"has-text-align-center\">Potenzialanalysen \u201eProfiling Values\u201c<\/p>\n\n\n\n<p class=\"has-text-align-center\">Einsatzgebiete: F\u00fchrungs-\/Vertriebspotenziale erkennen &#8211;&nbsp; Recruiting-Tool<\/p>\n\n\n\n<div style=\"height:10px\" aria-hidden=\"true\" class=\"wp-block-spacer\"><\/div>\n\n\n\n<div class=\"wp-block-buttons is-layout-flex wp-block-buttons-is-layout-flex\">\n<div class=\"wp-block-button aligncenter is-style-secondary\"><a class=\"wp-block-button__link\" href=\"https:\/\/trainuup.com\/wp-content\/uploads\/2022\/06\/maurizio-nuzzaci_trainerprofil2.pdf\">maurizio-nuzzaci_trainerprofil.pdf<\/a><\/div>\n<\/div>\n\n\n\n<div style=\"height:50px\" aria-hidden=\"true\" class=\"wp-block-spacer\"><\/div>\n<\/div>\n\n\n\n<div class=\"wp-block-column is-layout-flow wp-block-column-is-layout-flow\">\n<h3 class=\"has-text-align-center wp-block-heading\">Referenzen<\/h3>\n\n\n\n<hr class=\"wp-block-separator has-text-color has-nv-c-2-color has-alpha-channel-opacity has-nv-c-2-background-color has-background\"\/>\n\n\n\n<p class=\"has-text-align-center\">B2B-Industrieunternehmen<\/p>\n\n\n\n<p class=\"has-text-align-center\">Telekommunikation<\/p>\n\n\n\n<p class=\"has-text-align-center\">Banken &amp; Versicherungen<\/p>\n\n\n\n<p class=\"has-text-align-center\">Gro\u00df- &amp; Einzelhandelsorganisationen in der<\/p>\n\n\n\n<p class=\"has-text-align-center\">&nbsp;Baustoff-\/Mode-\/Elektronik- &amp; Lebensmittelbranche<\/p>\n\n\n\n<div style=\"height:10px\" aria-hidden=\"true\" class=\"wp-block-spacer\"><\/div>\n\n\n\n<div class=\"wp-block-buttons is-layout-flex wp-block-buttons-is-layout-flex\">\n<div class=\"wp-block-button aligncenter is-style-secondary\"><a class=\"wp-block-button__link\" href=\"https:\/\/trainuup.com\/wp-content\/uploads\/2022\/06\/maurizio-nuzzaci_referenzliste.pdf\">maurizio-nuzzaci_referenzliste.pdf<\/a><\/div>\n<\/div>\n\n\n\n<div style=\"height:30px\" aria-hidden=\"true\" class=\"wp-block-spacer\"><\/div>\n<\/div>\n<\/div>\n","protected":false},"excerpt":{"rendered":"<p>Sag die Wahrheit &#8211; auch wenn&#8217;s weh tut! &#8222;You can&#8217;t bargain with the truth!&#8220; Spezialgebiet F\u00fchrungsreflexion f\u00fcr oberes Kader Vertriebstrainings inkl. Begleitung beim Kunden Pers\u00f6nlichkeitsentwicklung Teamtrainings mit unterst\u00fctzenden Outdoor-Elementen Nachwuchsf\u00fchrungskr\u00e4fte-Programme Personal Einzel-Coaching Potenzialanalysen \u201eProfiling Values\u201c Einsatzgebiete: F\u00fchrungs-\/Vertriebspotenziale erkennen &#8211;&nbsp; Recruiting-Tool Referenzen B2B-Industrieunternehmen Telekommunikation Banken &amp; Versicherungen Gro\u00df- &amp; Einzelhandelsorganisationen in der &nbsp;Baustoff-\/Mode-\/Elektronik- &amp; Lebensmittelbranche<\/p>\n","protected":false},"author":2,"featured_media":0,"parent":0,"menu_order":0,"comment_status":"closed","ping_status":"closed","template":"","meta":{"neve_meta_sidebar":"","neve_meta_container":"","neve_meta_enable_content_width":"","neve_meta_content_width":0,"neve_meta_title_alignment":"","neve_meta_author_avatar":"","neve_post_elements_order":"","neve_meta_disable_header":"","neve_meta_disable_footer":"","neve_meta_disable_title":"","footnotes":""},"class_list":["post-48","page","type-page","status-publish","hentry"],"yoast_head":"<!-- This site is optimized with the Yoast SEO plugin v21.7 - https:\/\/yoast.com\/wordpress\/plugins\/seo\/ -->\n<title>Maurizio Nuzzaci - Top-Trainer mit langj\u00e4hriger Berufserfahrung | traiNUup<\/title>\n<meta name=\"description\" content=\"Maurizio Nuzzaci steht f\u00fcr praxisnahe Trainings durch Verkaufs-\/ &amp; F\u00fchrungserfahrung. Er \u00fcberzeugt mit langj\u00e4hriger Erfahrung als Trainer.\" \/>\n<meta name=\"robots\" content=\"index, follow, max-snippet:-1, max-image-preview:large, max-video-preview:-1\" \/>\n<link rel=\"canonical\" href=\"https:\/\/trainuup.com\/index.php\/maurizio-nuzzaci\/\" \/>\n<meta property=\"og:locale\" content=\"de_DE\" \/>\n<meta property=\"og:type\" content=\"article\" \/>\n<meta property=\"og:title\" content=\"Maurizio Nuzzaci - Top-Trainer mit langj\u00e4hriger Berufserfahrung | traiNUup\" \/>\n<meta property=\"og:description\" content=\"Maurizio Nuzzaci steht f\u00fcr praxisnahe Trainings durch Verkaufs-\/ &amp; F\u00fchrungserfahrung. Er \u00fcberzeugt mit langj\u00e4hriger Erfahrung als Trainer.\" \/>\n<meta property=\"og:url\" content=\"https:\/\/trainuup.com\/index.php\/maurizio-nuzzaci\/\" \/>\n<meta property=\"og:site_name\" content=\"traiNUup\" \/>\n<meta property=\"article:modified_time\" content=\"2022-06-19T13:34:53+00:00\" \/>\n<meta property=\"og:image\" content=\"https:\/\/mlv30jfrag7f.i.optimole.com\/w:739\/h:1024\/q:mauto\/f:best\/https:\/\/trainuup.com\/wp-content\/uploads\/2022\/06\/Foto_Maurizio-Nuzzaci.jpg\" \/>\n<meta name=\"twitter:card\" content=\"summary_large_image\" \/>\n<meta name=\"twitter:label1\" content=\"Gesch\u00e4tzte Lesezeit\" \/>\n\t<meta name=\"twitter:data1\" content=\"1 Minute\" \/>\n<script type=\"application\/ld+json\" class=\"yoast-schema-graph\">{\"@context\":\"https:\/\/schema.org\",\"@graph\":[{\"@type\":\"WebPage\",\"@id\":\"https:\/\/trainuup.com\/index.php\/maurizio-nuzzaci\/\",\"url\":\"https:\/\/trainuup.com\/index.php\/maurizio-nuzzaci\/\",\"name\":\"Maurizio Nuzzaci - Top-Trainer mit langj\u00e4hriger Berufserfahrung | traiNUup\",\"isPartOf\":{\"@id\":\"https:\/\/trainuup.com\/#website\"},\"datePublished\":\"2022-06-09T12:29:18+00:00\",\"dateModified\":\"2022-06-19T13:34:53+00:00\",\"description\":\"Maurizio Nuzzaci steht f\u00fcr praxisnahe Trainings durch Verkaufs-\/ & F\u00fchrungserfahrung. Er \u00fcberzeugt mit langj\u00e4hriger Erfahrung als Trainer.\",\"breadcrumb\":{\"@id\":\"https:\/\/trainuup.com\/index.php\/maurizio-nuzzaci\/#breadcrumb\"},\"inLanguage\":\"de-AT\",\"potentialAction\":[{\"@type\":\"ReadAction\",\"target\":[\"https:\/\/trainuup.com\/index.php\/maurizio-nuzzaci\/\"]}]},{\"@type\":\"BreadcrumbList\",\"@id\":\"https:\/\/trainuup.com\/index.php\/maurizio-nuzzaci\/#breadcrumb\",\"itemListElement\":[{\"@type\":\"ListItem\",\"position\":1,\"name\":\"Startseite\",\"item\":\"https:\/\/trainuup.com\/\"},{\"@type\":\"ListItem\",\"position\":2,\"name\":\"Maurizio Nuzzaci\"}]},{\"@type\":\"WebSite\",\"@id\":\"https:\/\/trainuup.com\/#website\",\"url\":\"https:\/\/trainuup.com\/\",\"name\":\"traiNUup\",\"description\":\"Coaching | Training | Potenziale heben\",\"publisher\":{\"@id\":\"https:\/\/trainuup.com\/#organization\"},\"potentialAction\":[{\"@type\":\"SearchAction\",\"target\":{\"@type\":\"EntryPoint\",\"urlTemplate\":\"https:\/\/trainuup.com\/?s={search_term_string}\"},\"query-input\":\"required name=search_term_string\"}],\"inLanguage\":\"de-AT\"},{\"@type\":\"Organization\",\"@id\":\"https:\/\/trainuup.com\/#organization\",\"name\":\"traiNUup\",\"url\":\"https:\/\/trainuup.com\/\",\"logo\":{\"@type\":\"ImageObject\",\"inLanguage\":\"de-AT\",\"@id\":\"https:\/\/trainuup.com\/#\/schema\/logo\/image\/\",\"url\":\"https:\/\/mlv30jfrag7f.i.optimole.com\/w:auto\/h:auto\/q:mauto\/f:best\/https:\/\/trainuup.com\/wp-content\/uploads\/2022\/06\/Logo_FINAL-EDEL_QUADRAT-1.png\",\"contentUrl\":\"https:\/\/mlv30jfrag7f.i.optimole.com\/w:auto\/h:auto\/q:mauto\/f:best\/https:\/\/trainuup.com\/wp-content\/uploads\/2022\/06\/Logo_FINAL-EDEL_QUADRAT-1.png\",\"width\":1308,\"height\":1307,\"caption\":\"traiNUup\"},\"image\":{\"@id\":\"https:\/\/trainuup.com\/#\/schema\/logo\/image\/\"}}]}<\/script>\n<!-- \/ Yoast SEO plugin. -->","yoast_head_json":{"title":"Maurizio Nuzzaci - Top-Trainer mit langj\u00e4hriger Berufserfahrung | traiNUup","description":"Maurizio Nuzzaci steht f\u00fcr praxisnahe Trainings durch Verkaufs-\/ & F\u00fchrungserfahrung. Er \u00fcberzeugt mit langj\u00e4hriger Erfahrung als Trainer.","robots":{"index":"index","follow":"follow","max-snippet":"max-snippet:-1","max-image-preview":"max-image-preview:large","max-video-preview":"max-video-preview:-1"},"canonical":"https:\/\/trainuup.com\/index.php\/maurizio-nuzzaci\/","og_locale":"de_DE","og_type":"article","og_title":"Maurizio Nuzzaci - Top-Trainer mit langj\u00e4hriger Berufserfahrung | traiNUup","og_description":"Maurizio Nuzzaci steht f\u00fcr praxisnahe Trainings durch Verkaufs-\/ & F\u00fchrungserfahrung. Er \u00fcberzeugt mit langj\u00e4hriger Erfahrung als Trainer.","og_url":"https:\/\/trainuup.com\/index.php\/maurizio-nuzzaci\/","og_site_name":"traiNUup","article_modified_time":"2022-06-19T13:34:53+00:00","og_image":[{"url":"https:\/\/mlv30jfrag7f.i.optimole.com\/w:739\/h:1024\/q:mauto\/f:best\/https:\/\/trainuup.com\/wp-content\/uploads\/2022\/06\/Foto_Maurizio-Nuzzaci.jpg"}],"twitter_card":"summary_large_image","twitter_misc":{"Gesch\u00e4tzte Lesezeit":"1 Minute"},"schema":{"@context":"https:\/\/schema.org","@graph":[{"@type":"WebPage","@id":"https:\/\/trainuup.com\/index.php\/maurizio-nuzzaci\/","url":"https:\/\/trainuup.com\/index.php\/maurizio-nuzzaci\/","name":"Maurizio Nuzzaci - Top-Trainer mit langj\u00e4hriger Berufserfahrung | traiNUup","isPartOf":{"@id":"https:\/\/trainuup.com\/#website"},"datePublished":"2022-06-09T12:29:18+00:00","dateModified":"2022-06-19T13:34:53+00:00","description":"Maurizio Nuzzaci steht f\u00fcr praxisnahe Trainings durch Verkaufs-\/ & F\u00fchrungserfahrung. Er \u00fcberzeugt mit langj\u00e4hriger Erfahrung als Trainer.","breadcrumb":{"@id":"https:\/\/trainuup.com\/index.php\/maurizio-nuzzaci\/#breadcrumb"},"inLanguage":"de-AT","potentialAction":[{"@type":"ReadAction","target":["https:\/\/trainuup.com\/index.php\/maurizio-nuzzaci\/"]}]},{"@type":"BreadcrumbList","@id":"https:\/\/trainuup.com\/index.php\/maurizio-nuzzaci\/#breadcrumb","itemListElement":[{"@type":"ListItem","position":1,"name":"Startseite","item":"https:\/\/trainuup.com\/"},{"@type":"ListItem","position":2,"name":"Maurizio Nuzzaci"}]},{"@type":"WebSite","@id":"https:\/\/trainuup.com\/#website","url":"https:\/\/trainuup.com\/","name":"traiNUup","description":"Coaching | Training | Potenziale heben","publisher":{"@id":"https:\/\/trainuup.com\/#organization"},"potentialAction":[{"@type":"SearchAction","target":{"@type":"EntryPoint","urlTemplate":"https:\/\/trainuup.com\/?s={search_term_string}"},"query-input":"required name=search_term_string"}],"inLanguage":"de-AT"},{"@type":"Organization","@id":"https:\/\/trainuup.com\/#organization","name":"traiNUup","url":"https:\/\/trainuup.com\/","logo":{"@type":"ImageObject","inLanguage":"de-AT","@id":"https:\/\/trainuup.com\/#\/schema\/logo\/image\/","url":"https:\/\/mlv30jfrag7f.i.optimole.com\/w:auto\/h:auto\/q:mauto\/f:best\/https:\/\/trainuup.com\/wp-content\/uploads\/2022\/06\/Logo_FINAL-EDEL_QUADRAT-1.png","contentUrl":"https:\/\/mlv30jfrag7f.i.optimole.com\/w:auto\/h:auto\/q:mauto\/f:best\/https:\/\/trainuup.com\/wp-content\/uploads\/2022\/06\/Logo_FINAL-EDEL_QUADRAT-1.png","width":1308,"height":1307,"caption":"traiNUup"},"image":{"@id":"https:\/\/trainuup.com\/#\/schema\/logo\/image\/"}}]}},"_links":{"self":[{"href":"https:\/\/trainuup.com\/index.php\/wp-json\/wp\/v2\/pages\/48","targetHints":{"allow":["GET"]}}],"collection":[{"href":"https:\/\/trainuup.com\/index.php\/wp-json\/wp\/v2\/pages"}],"about":[{"href":"https:\/\/trainuup.com\/index.php\/wp-json\/wp\/v2\/types\/page"}],"author":[{"embeddable":true,"href":"https:\/\/trainuup.com\/index.php\/wp-json\/wp\/v2\/users\/2"}],"replies":[{"embeddable":true,"href":"https:\/\/trainuup.com\/index.php\/wp-json\/wp\/v2\/comments?post=48"}],"version-history":[{"count":69,"href":"https:\/\/trainuup.com\/index.php\/wp-json\/wp\/v2\/pages\/48\/revisions"}],"predecessor-version":[{"id":764,"href":"https:\/\/trainuup.com\/index.php\/wp-json\/wp\/v2\/pages\/48\/revisions\/764"}],"wp:attachment":[{"href":"https:\/\/trainuup.com\/index.php\/wp-json\/wp\/v2\/media?parent=48"}],"curies":[{"name":"wp","href":"https:\/\/api.w.org\/{rel}","templated":true}]}}